{"id":5276,"date":"2024-01-16T06:27:56","date_gmt":"2024-01-16T06:27:56","guid":{"rendered":"https:\/\/casinoplanet.com\/de\/?page_id=5276"},"modified":"2024-03-12T07:10:02","modified_gmt":"2024-03-12T07:10:02","slug":"boni","status":"publish","type":"page","link":"https:\/\/casinoplanet.com\/de\/boni\/","title":{"rendered":"Casino-Boni"},"content":{"rendered":"\n<div class=\"wp-block-stackable-columns alignfull stk-block-columns stk-block stk-5873d73\" data-block-id=\"5873d73\"><style>.stk-5873d73 .stk--block-align-5873d73{align-items:center !important}.stk-5873d73{margin-bottom:60px !important}.stk-5873d73-column{--stk-column-gap:30px !important}@media screen and (max-width:1023px){.stk-5873d73{padding-right:30px !important;padding-left:30px !important}}@media screen and (max-width:767px){.stk-5873d73{padding-right:20px !important;padding-left:20px !important}}<\/style><div class=\"stk-row stk-inner-blocks stk--block-align-5873d73 stk-block-content stk-content-align stk-5873d73-column alignfull\">\n<div class=\"wp-block-stackable-column stk-block-column stk-column stk--hide-tablet stk--hide-mobile stk-block stk-6531ea2\" data-v=\"4\" data-block-id=\"6531ea2\"><style>@media screen and (min-width:768px){.stk-6531ea2{flex:1 1 calc(31% - var(--stk-column-gap,0px) * 2 \/ 3 ) !important}}<\/style><div class=\"stk-column-wrapper stk-block-column__content stk-container stk-6531ea2-container stk--no-background stk--no-padding\"><div class=\"stk-block-content stk-inner-blocks stk-6531ea2-inner-blocks\"><\/div><\/div><\/div>\n\n\n\n<div class=\"wp-block-stackable-column stk-block-column stk-column stk-block stk-54d84f0 stk-block-background\" data-v=\"4\" data-block-id=\"54d84f0\"><style>.stk-54d84f0-inner-blocks{justify-content:center !important}.stk-54d84f0{background-color:var(--theme-palette-color-4,#001423) !important;border-top-left-radius:12px !important;border-top-right-radius:12px !important;border-bottom-right-radius:12px !important;border-bottom-left-radius:12px !important;overflow:hidden !important;border-style:solid !important;border-color:var(--theme-palette-color-2,#1E98F5) !important;border-top-width:2px !important;border-right-width:2px !important;border-bottom-width:2px !important;border-left-width:2px !important}.stk-54d84f0:before{background-color:var(--theme-palette-color-4,#001423) !important}.stk-54d84f0-container{padding-top:50px !important;padding-bottom:50px !important}@media screen and (min-width:768px){.stk-54d84f0{flex:1 1 calc(38% - var(--stk-column-gap,0px) * 2 \/ 3 ) !important}}<\/style><div class=\"stk-column-wrapper stk-block-column__content stk-container stk-54d84f0-container stk--no-background stk--no-padding\"><div class=\"stk--column-flex stk-block-content stk-inner-blocks stk-54d84f0-inner-blocks\">\n<div class=\"wp-block-stackable-image aligncenter stk-block-image stk-block stk-f77131a\" data-block-id=\"f77131a\"><style>.stk-f77131a .stk-img-wrapper{width:45% !important}<\/style><figure><span class=\"stk-img-wrapper stk-image--shape-stretch\"><img loading=\"lazy\" decoding=\"async\" class=\"stk-img wp-image-1580\" src=\"https:\/\/casinoplanet.com\/wp-content\/uploads\/sites\/2\/2024\/02\/cp.png\" width=\"343\" height=\"104\" srcset=\"https:\/\/casinoplanet.com\/de\/wp-content\/uploads\/sites\/2\/2024\/02\/cp.png 343w, https:\/\/casinoplanet.com\/de\/wp-content\/uploads\/sites\/2\/2024\/02\/cp-300x91.png 300w\" sizes=\"(max-width: 343px) 100vw, 343px\" \/><\/span><\/figure><\/div>\n\n\n\n<div class=\"wp-block-stackable-heading stk-block-heading stk-block-heading--v2 stk-block stk-b4bcc09\" id=\"span-style-color-ffffff-class-stk-highlight-casino-planet-casino-und-wetten-2024-span\" data-block-id=\"b4bcc09\"><h5 class=\"stk-block-heading__text has-text-align-center\"><span style=\"color: #ffffff;\" class=\"stk-highlight\">Casino Planet Casino und Wetten 2024<\/span><\/h5><\/div>\n\n\n\n<div class=\"wp-block-stackable-text stk-block-text stk-block stk-6693a86\" data-block-id=\"6693a86\"><style>.stk-6693a86 .stk-block-text__text{font-size:32px !important;color:#ffffff !important;font-weight:900 !important}@media screen and (max-width:1023px){.stk-6693a86 .stk-block-text__text{font-size:32px !important}}<\/style><p class=\"stk-block-text__text has-text-color has-text-align-center\">100 % bis zu 500 \u20ac\/$ + 200 FS + 1 Bonuskrabbe<\/p><\/div>\n\n\n\n<div class=\"wp-block-stackable-button-group stk-block-button-group stk-block stk-8b157ef\" data-block-id=\"8b157ef\"><div class=\"stk-row stk-inner-blocks has-text-align-center has-text-align-center-tablet stk-block-content stk-button-group\">\n<div class=\"wp-block-stackable-button stk-block-button customb stk-block stk-7f69dac\" data-block-id=\"7f69dac\"><style>.stk-7f69dac{border-top-left-radius:10px !important;border-top-right-radius:10px !important;border-bottom-right-radius:10px !important;border-bottom-left-radius:10px !important;overflow:hidden !important}.stk-7f69dac .stk-button{padding-top:15px !important;padding-right:30px !important;padding-bottom:15px !important;padding-left:30px !important;background:linear-gradient(90deg,rgb(0,133,228) 0%,rgb(0,211,153) 68%,rgb(0,211,153) 100%) !important}.stk-7f69dac .stk-button__inner-text{font-size:20px !important;font-weight:700 !important;text-transform:uppercase !important}@media screen and (max-width:1023px){.stk-7f69dac .stk-button__inner-text{font-size:20px !important}}<\/style><a class=\"stk-link stk-button stk--hover-effect-darken\" href=\"\/go\"><span class=\"stk-button__inner-text\">Melden Sie sich an<\/span><\/a><\/div>\n<\/div><\/div>\n<\/div><\/div><\/div>\n\n\n\n<div class=\"wp-block-stackable-column stk-block-column stk-column stk--hide-tablet stk--hide-mobile stk-block stk-7ec7140\" data-v=\"4\" data-block-id=\"7ec7140\"><style>@media screen and (min-width:768px){.stk-7ec7140{flex:1 1 calc(31% - var(--stk-column-gap,0px) * 2 \/ 3 ) !important}}<\/style><div class=\"stk-column-wrapper stk-block-column__content stk-container stk-7ec7140-container stk--no-background stk--no-padding\"><div class=\"stk-block-content stk-inner-blocks stk-7ec7140-inner-blocks\"><\/div><\/div><\/div>\n<\/div><\/div>\n\n\n\n<div class=\"wp-block-stackable-columns stk-block-columns stk-block stk-6331f78\" data-block-id=\"6331f78\"><div class=\"stk-row stk-inner-blocks stk-block-content stk-content-align stk-6331f78-column\">\n<div class=\"wp-block-stackable-column stk-block-column stk-column stk-block stk-76143fc\" data-v=\"4\" data-block-id=\"76143fc\"><div class=\"stk-column-wrapper stk-block-column__content stk-container stk-76143fc-container stk--no-background stk--no-padding\"><div class=\"stk-block-content stk-inner-blocks stk-76143fc-inner-blocks\">\n<nav class=\"wp-block-stackable-table-of-contents stk-block-table-of-contents stk-block stk-d2acef9 stk-block-background\" data-block-id=\"d2acef9\"><style>.stk-d2acef9 li,.stk-d2acef9 ul li a,.stk-d2acef9 ol li a{color:var(u002du002dtheme-palette-color-8,#ffffff) !important}.stk-d2acef9:hover li,.stk-d2acef9:hover ul li a,.stk-d2acef9:hover ol li a{color:var(u002du002dtheme-palette-color-2,#1E98F5) !important}.stk-d2acef9 .stk-table-of-contents__title{font-size:35px !important;color:var(u002du002dtheme-palette-color-8,#ffffff) !important;font-weight:bold !important;font-family:\"Abhaya Libre\",Sans-serif !important}.stk-d2acef9{background-color:var(u002du002dtheme-palette-color-4,#001423) !important;border-top-left-radius:15px !important;border-top-right-radius:15px !important;border-bottom-right-radius:15px !important;border-bottom-left-radius:15px !important;overflow:hidden !important;border-style:solid !important;border-color:var(u002du002dtheme-palette-color-2,#1E98F5) !important;border-top-width:3px !important;border-right-width:3px !important;border-bottom-width:3px !important;border-left-width:3px !important;padding-top:55px !important;padding-right:55px !important;padding-bottom:55px !important;padding-left:55px !important}.stk-d2acef9:before{background-color:var(u002du002dtheme-palette-color-4,#001423) !important}.stk-d2acef9 ol{list-style-type:upper-roman !important}@media screen and (max-width:1023px){.stk-d2acef9 .stk-table-of-contents__title{font-size:35px !important}.stk-d2acef9{padding-top:40px !important;padding-right:40px !important;padding-bottom:40px !important;padding-left:40px !important}}@media screen and (max-width:767px){.stk-d2acef9{padding-top:35px !important;padding-right:35px !important;padding-bottom:35px !important;padding-left:35px !important}}<\/style><p class=\"stk-table-of-contents__title has-text-color\">Inhaltsverzeichnis<\/p><ol class=\"stk-table-of-contents__table has-text-color\"><li><a href=\"#different-types-of-casinoplanet-promotions\">Verschiedene Arten von Casinoplanet-Aktionen<\/a><ol><li><a href=\"#willkommensbonus\">Willkommensbonus<\/a><\/li><li><a href=\"#nachladebonus\">Nachladebonus<\/a><\/li><li><a href=\"#freispiele\">Freispiele<\/a><\/li><li><a href=\"#vip-cashback\">VIP-Cashback<\/a><\/li><li><a href=\"#erfolge-treueprogramm\">Erfolge-Treueprogramm<\/a><\/li><\/ol><\/li><li><a href=\"#how-to-claim-casinoplanet-welcome-bonus\">Wie beanspruche ich den Casinoplanet-Willkommensbonus?<\/a><\/li><li><a href=\"#allgemeine-geschaftsbedingungen-fur-casinoplanet-boni\">Allgemeine Gesch\u00e4ftsbedingungen f\u00fcr Casinoplanet-Boni<\/a><\/li><li><a href=\"#tipps-zur-maximierung-der-casinoplanet-werbeaktionen\">Tipps zur Maximierung der Casinoplanet-Werbeaktionen<\/a><\/li><li><a href=\"#mobile-boni-bei-casinoplanet\">Mobile Boni bei Casinoplanet<\/a><\/li><li><a href=\"#abschluss\">Abschluss<\/a><\/li><li><a href=\"#fa-qs\">FAQs<\/a><\/li><\/ol><\/nav>\n<\/div><\/div><\/div>\n<\/div><\/div>\n\n\n\n<p>Willkommen bei Casino Planet, wo die Spannung nie aufh\u00f6rt und die Belohnungen immer weiter str\u00f6men! Als f\u00fchrende Adresse f\u00fcr Online-Gl\u00fccksspiele in Deutschland sind wir stolz darauf, eine beispiellose Auswahl an Spielen und nat\u00fcrlich eine Reihe verlockender Boni und Werbeaktionen anzubieten. In diesem Leitfaden erkl\u00e4re ich Ihnen alles, was Sie \u00fcber die Boni von Casino Planet wissen m\u00fcssen, von unserem gro\u00dfz\u00fcgigen Willkommensbonus bis hin zu unseren exklusiven VIP-Cashback-Pr\u00e4mien.<\/p>\n\n\n\n<h2 class=\"wp-block-heading\" id=\"different-types-of-casinoplanet-promotions\"><strong>Verschiedene Arten von Casinoplanet-Aktionen<\/strong><\/h2>\n\n\n\n<figure class=\"wp-block-image aligncenter size-full is-resized\"><img loading=\"lazy\" decoding=\"async\" width=\"800\" height=\"419\" src=\"https:\/\/casinoplanet.com\/wp-content\/uploads\/sites\/2\/2024\/03\/types-of-casino-bonus.jpeg\" alt=\"types of casino bonus\" class=\"wp-image-3728\" style=\"width:726px;height:auto\" srcset=\"https:\/\/casinoplanet.com\/de\/wp-content\/uploads\/sites\/2\/2024\/03\/types-of-casino-bonus.jpeg 800w, https:\/\/casinoplanet.com\/de\/wp-content\/uploads\/sites\/2\/2024\/03\/types-of-casino-bonus-300x157.jpeg 300w, https:\/\/casinoplanet.com\/de\/wp-content\/uploads\/sites\/2\/2024\/03\/types-of-casino-bonus-768x402.jpeg 768w\" sizes=\"(max-width: 800px) 100vw, 800px\" \/><\/figure>\n\n\n\n<p>Bei Casino Planet glauben wir daran, unsere Spieler von dem Moment an zu belohnen, in dem sie unserer kosmischen Gaming-Community beitreten. Hier sind einige der fantastischen Aktionen, die Sie erwarten k\u00f6nnen:<\/p>\n\n\n\n<h3 class=\"wp-block-heading\" id=\"willkommensbonus\">Willkommensbonus<\/h3>\n\n\n\n<p>Beginnen Sie Ihre Gaming-Reise mit einem hervorragenden Willkommensbonus, der Ihr Guthaben von Anfang an aufstockt. Unser Willkommensbonus soll Ihnen einen Vorsprung bei der Erkundung des riesigen Spieleuniversums von Casino Planet verschaffen.<\/p>\n\n\n\n<h3 class=\"wp-block-heading\" id=\"nachladebonus\">Nachladebonus<\/h3>\n\n\n\n<p>Halten Sie den Spa\u00df mit unserem Reload-Bonus aufrecht, der allen Spielern zur Verf\u00fcgung steht, die weiterhin bei Casino Planet einzahlen und spielen. Reload-Boni sind eine fantastische M\u00f6glichkeit, Ihr Konto aufzuladen und Ihre Spielsitzungen zu verl\u00e4ngern.<\/p>\n\n\n\n<h3 class=\"wp-block-heading\" id=\"freispiele\">Freispiele<\/h3>\n\n\n\n<p>Erleben Sie mit unseren Freispielaktionen den Nervenkitzel, die Walzen bei einigen der beliebtesten Spielautomaten zu drehen. Egal, ob Sie ein Fan klassischer Spielautomaten oder moderner Video-Slots sind, unsere Freispielangebote werden Sie stundenlang unterhalten.<\/p>\n\n\n\n<h3 class=\"wp-block-heading\" id=\"vip-cashback\">VIP-Cashback<\/h3>\n\n\n\n<p>Unser VIP-Programm soll unsere treuesten Spieler mit exklusiven Verg\u00fcnstigungen belohnen, darunter Cash Back auf Ihre Verluste. Wenn Sie in unserem VIP-Programm aufsteigen, schalten Sie immer lukrativere Belohnungen frei, darunter personalisierte Boni und Einladungen zu VIP-Events.<\/p>\n\n\n\n<h3 class=\"wp-block-heading\" id=\"erfolge-treueprogramm\">Erfolge-Treueprogramm<\/h3>\n\n\n\n<p>Verdienen Sie beim Spielen Belohnungen mit unserem Achievements-Treueprogramm. Schlie\u00dfe Herausforderungen ab und schalte Abzeichen frei, um spannende Boni und Preise zu erhalten.<\/p>\n\n\n\n<h2 class=\"wp-block-heading\" id=\"how-to-claim-casinoplanet-welcome-bonus\"><strong>Wie beanspruche ich den Casinoplanet-Willkommensbonus?<\/strong><\/h2>\n\n\n\n<p>Die Beantragung Ihres Willkommensbonus bei Casino Planet ist schnell und einfach. Befolgen Sie einfach diese Schritte:<\/p>\n\n\n\n<ul>\n<li>Er\u00f6ffnen Sie ein Konto bei Casino Planet.<\/li>\n\n\n\n<li>T\u00e4tigen Sie Ihre erste Einzahlung mit einer unserer sicheren Zahlungsmethoden.<\/li>\n\n\n\n<li>Ihr Willkommensbonus wird Ihrem Konto automatisch gutgeschrieben.<\/li>\n<\/ul>\n\n\n\n<h2 class=\"wp-block-heading\" id=\"allgemeine-geschaftsbedingungen-fur-casinoplanet-boni\">Allgemeine Gesch\u00e4ftsbedingungen f\u00fcr Casinoplanet-Boni<\/h2>\n\n\n\n<p>Bevor Sie einen Bonus bei Casino Planet beanspruchen, ist es wichtig, sich mit den Gesch\u00e4ftsbedingungen jeder Aktion vertraut zu machen. Zu den wichtigsten Begriffen, die Sie beachten sollten, geh\u00f6ren Wettanforderungen, Mindesteinzahlungsbetr\u00e4ge und Spielbeschr\u00e4nkungen.<\/p>\n\n\n\n<h2 class=\"wp-block-heading\" id=\"tipps-zur-maximierung-der-casinoplanet-werbeaktionen\">Tipps zur Maximierung der Casinoplanet-Werbeaktionen<\/h2>\n\n\n\n<p>Um das Beste aus unseren Werbeaktionen zu machen, hier ein paar Tipps:<\/p>\n\n\n\n<ul>\n<li>Nutzen Sie unseren Willkommensbonus, um Ihr Startguthaben aufzustocken.<\/li>\n\n\n\n<li>Halten Sie Ausschau nach Reload-Boni und Freispielangeboten, um Ihre Spielzeit zu verl\u00e4ngern.<\/li>\n\n\n\n<li>Nehmen Sie an unserem VIP-Programm teil, um auf exklusive Pr\u00e4mien und Cashback-Anreize zuzugreifen.<\/li>\n\n\n\n<li>Nehmen Sie an unserem Achievements-Treueprogramm teil, um beim Spielen zus\u00e4tzliche Boni zu verdienen.<\/li>\n<\/ul>\n\n\n\n<h2 class=\"wp-block-heading\" id=\"mobile-boni-bei-casinoplanet\">Mobile Boni bei Casinoplanet<\/h2>\n\n\n\n<p>Genie\u00dfen Sie das Spielen unterwegs mit unserer mobilfreundlichen Plattform und exklusiven mobilen Boni. Egal, ob Sie lieber auf Ihrem Smartphone oder Tablet spielen, Sie haben \u00fcberall Zugriff auf alle unsere Aktionen und Pr\u00e4mien.<\/p>\n\n\n\n<h2 class=\"wp-block-heading\" id=\"abschluss\">Abschluss<\/h2>\n\n\n\n<p>Bei Casino Planet ist es uns ein Anliegen, unseren Spielern das ultimative Spielerlebnis mit spannenden Boni und Werbeaktionen zu bieten. Von unserem gro\u00dfz\u00fcgigen Willkommensbonus bis hin zu unseren VIP-Cashback-Pr\u00e4mien ist bei Casino Planet f\u00fcr jeden etwas dabei. Kommen Sie noch heute zu uns und entdecken Sie, warum wir die erste Wahl f\u00fcr Online-Gaming in Deutschland sind.<\/p>\n\n\n\n<h2 class=\"wp-block-heading\" id=\"fa-qs\"><strong>FAQs<\/strong><\/h2>\n\n\n<div id=\"rank-math-faq\" class=\"rank-math-block\">\n<div class=\"rank-math-list \">\n<div id=\"faq-question-1709014588884\" class=\"rank-math-list-item\">\n<h3 class=\"rank-math-question \">Stehen die Boni bei Casino Planet allen Spielern zur Verf\u00fcgung?<\/h3>\n<div class=\"rank-math-answer \">\n\n<p>Ja, unsere Boni stehen allen registrierten Spielern bei Casino Planet zur Verf\u00fcgung, vorbehaltlich der Allgemeinen Gesch\u00e4ftsbedingungen.<\/p>\n\n<\/div>\n<\/div>\n<div id=\"faq-question-1709014599218\" class=\"rank-math-list-item\">\n<h3 class=\"rank-math-question \">Wie oft bieten Sie neue Aktionen und Boni an?<\/h3>\n<div class=\"rank-math-answer \">\n\n<p>Wir aktualisieren unsere Aktionsseite regelm\u00e4\u00dfig mit neuen und aufregenden Angeboten. Schauen Sie also regelm\u00e4\u00dfig vorbei, um die neuesten Angebote zu erhalten.<\/p>\n\n<\/div>\n<\/div>\n<div id=\"faq-question-1709014605881\" class=\"rank-math-list-item\">\n<h3 class=\"rank-math-question \">Gibt es Einschr\u00e4nkungen hinsichtlich der Spiele, die ich mit Bonusgeldern spielen kann?<\/h3>\n<div class=\"rank-math-answer \">\n\n<p>Einige Boni sind m\u00f6glicherweise auf bestimmte Spiele oder Spieltypen beschr\u00e4nkt. Daher ist es wichtig, die Gesch\u00e4ftsbedingungen jeder Aktion sorgf\u00e4ltig zu lesen.<\/p>\n\n<\/div>\n<\/div>\n<div id=\"faq-question-1709014614055\" class=\"rank-math-list-item\">\n<h3 class=\"rank-math-question \">Kann ich Bonusgelder sofort abheben?<\/h3>\n<div class=\"rank-math-answer \">\n\n<p>In den meisten F\u00e4llen m\u00fcssen Bonusgelder eine bestimmte Anzahl von Malen umgesetzt werden, bevor sie ausgezahlt werden k\u00f6nnen. Dies wird als Wettanforderung bezeichnet.<\/p>\n\n<\/div>\n<\/div>\n<\/div>\n<\/div>","protected":false},"excerpt":{"rendered":"<style>  body {    font-family: 'Fira Sans', sans-serif;  }  .button-container3 {    display: flex;  }  .register-button3 {    padding: 10px 14px;    border: 2px solid transparent;    border-radius: 5px;    font-size: 16px;    cursor: pointer;    transition: border-color 0.3s, background-color 0.3s, color 0.3s;    margin-right: 10px;    width: 200px; \/* Adjust width as needed *\/    text-align: center;    font-weight: bold;    background-color: #2283E6; \/* Set a plain color background *\/    color: #FFF; \/* Default text color *\/    border: none;    text-decoration: none; \/* Removes default underline *\/}  .register-button3:hover {    border-color: #0000;    color: #000; \/* Change text color to black on hover *\/}  .hidden-text {    display: none; \/* CSS to hide the unwanted text *\/  }<\/style>\n<div class=\"button-container3\">  <a href=\"\/go\/\" class=\"register-button3\">     <span class=\"hidden-text\">[:en]:<\/span>     JETZT REGISTRIEREN  <\/a><\/div>\n","protected":false},"author":2,"featured_media":0,"parent":0,"menu_order":0,"comment_status":"closed","ping_status":"closed","template":"","meta":{"_themeisle_gutenberg_block_has_review":false,"footnotes":""},"blocksy_meta":[],"featured_image_urls":{"full":"","thumbnail":"","medium":"","medium_large":"","large":"","1536x1536":"","2048x2048":"","vegashero-thumb":"","mailpoet_newsletter_max":""},"post_excerpt_stackable":"<style>  body {    font-family: 'Fira Sans', sans-serif;  }  .button-container3 {    display: flex;  }  .register-button3 {    padding: 10px 14px;    border: 2px solid transparent;    border-radius: 5px;    font-size: 16px;    cursor: pointer;    transition: border-color 0.3s, background-color 0.3s, color 0.3s;    margin-right: 10px;    width: 200px; \/* Adjust width as needed *\/    text-align: center;    font-weight: bold;    background-color: #2283E6; \/* Set a plain color background *\/    color: #FFF; \/* Default text color *\/    border: none;    text-decoration: none; \/* Removes default underline *\/}  .register-button3:hover {    border-color: #0000;    color: #000; \/* Change text color to black on hover *\/}  .hidden-text {    display: none; \/* CSS to hide the unwanted text *\/  }<\/style>\n<div class=\"button-container3\">  <a href=\"\/go\/\" class=\"register-button3\">     <span class=\"hidden-text\">[:en]:<\/span>     JETZT REGISTRIEREN  <\/a><\/div>\n","category_list":"","author_info":{"name":"goldenzebra773","url":"https:\/\/casinoplanet.com\/de\/author\/goldenzebra773\/"},"comments_num":"0 comments","_links":{"self":[{"href":"https:\/\/casinoplanet.com\/de\/wp-json\/wp\/v2\/pages\/5276"}],"collection":[{"href":"https:\/\/casinoplanet.com\/de\/wp-json\/wp\/v2\/pages"}],"about":[{"href":"https:\/\/casinoplanet.com\/de\/wp-json\/wp\/v2\/types\/page"}],"author":[{"embeddable":true,"href":"https:\/\/casinoplanet.com\/de\/wp-json\/wp\/v2\/users\/2"}],"replies":[{"embeddable":true,"href":"https:\/\/casinoplanet.com\/de\/wp-json\/wp\/v2\/comments?post=5276"}],"version-history":[{"count":2,"href":"https:\/\/casinoplanet.com\/de\/wp-json\/wp\/v2\/pages\/5276\/revisions"}],"predecessor-version":[{"id":5317,"href":"https:\/\/casinoplanet.com\/de\/wp-json\/wp\/v2\/pages\/5276\/revisions\/5317"}],"wp:attachment":[{"href":"https:\/\/casinoplanet.com\/de\/wp-json\/wp\/v2\/media?parent=5276"}],"curies":[{"name":"wp","href":"https:\/\/api.w.org\/{rel}","templated":true}]}}