{"id":5275,"date":"2024-01-16T06:29:58","date_gmt":"2024-01-16T06:29:58","guid":{"rendered":"https:\/\/casinoplanet.com\/de\/?page_id=5275"},"modified":"2024-03-13T08:06:09","modified_gmt":"2024-03-13T08:06:09","slug":"anmeldung","status":"publish","type":"page","link":"https:\/\/casinoplanet.com\/de\/anmeldung\/","title":{"rendered":"Anmeldung"},"content":{"rendered":"\n<div class=\"wp-block-stackable-columns alignfull stk-block-columns stk-block stk-5873d73\" data-block-id=\"5873d73\"><style>.stk-5873d73 .stk--block-align-5873d73{align-items:center !important}.stk-5873d73{margin-bottom:60px !important}.stk-5873d73-column{--stk-column-gap:30px !important}@media screen and (max-width:1023px){.stk-5873d73{padding-right:30px !important;padding-left:30px !important}}@media screen and (max-width:767px){.stk-5873d73{padding-right:20px !important;padding-left:20px !important}}<\/style><div class=\"stk-row stk-inner-blocks stk--block-align-5873d73 stk-block-content stk-content-align stk-5873d73-column alignfull\">\n<div class=\"wp-block-stackable-column stk-block-column stk-column stk--hide-tablet stk--hide-mobile stk-block stk-6531ea2\" data-v=\"4\" data-block-id=\"6531ea2\"><style>@media screen and (min-width:768px){.stk-6531ea2{flex:1 1 calc(31% - var(--stk-column-gap,0px) * 2 \/ 3 ) !important}}<\/style><div class=\"stk-column-wrapper stk-block-column__content stk-container stk-6531ea2-container stk--no-background stk--no-padding\"><div class=\"stk-block-content stk-inner-blocks stk-6531ea2-inner-blocks\"><\/div><\/div><\/div>\n\n\n\n<div class=\"wp-block-stackable-column stk-block-column stk-column stk-block stk-54d84f0 stk-block-background\" data-v=\"4\" data-block-id=\"54d84f0\"><style>.stk-54d84f0-inner-blocks{justify-content:center !important}.stk-54d84f0{background-color:var(--theme-palette-color-4,#001423) !important;border-top-left-radius:12px !important;border-top-right-radius:12px !important;border-bottom-right-radius:12px !important;border-bottom-left-radius:12px !important;overflow:hidden !important;border-style:solid !important;border-color:var(--theme-palette-color-2,#1E98F5) !important;border-top-width:2px !important;border-right-width:2px !important;border-bottom-width:2px !important;border-left-width:2px !important}.stk-54d84f0:before{background-color:var(--theme-palette-color-4,#001423) !important}.stk-54d84f0-container{padding-top:50px !important;padding-bottom:50px !important}@media screen and (min-width:768px){.stk-54d84f0{flex:1 1 calc(38% - var(--stk-column-gap,0px) * 2 \/ 3 ) !important}}<\/style><div class=\"stk-column-wrapper stk-block-column__content stk-container stk-54d84f0-container stk--no-background stk--no-padding\"><div class=\"stk--column-flex stk-block-content stk-inner-blocks stk-54d84f0-inner-blocks\">\n<div class=\"wp-block-stackable-image aligncenter stk-block-image stk-block stk-f77131a\" data-block-id=\"f77131a\"><style>.stk-f77131a .stk-img-wrapper{width:45% !important}<\/style><figure><span class=\"stk-img-wrapper stk-image--shape-stretch\"><img loading=\"lazy\" decoding=\"async\" class=\"stk-img wp-image-1580\" src=\"https:\/\/casinoplanet.com\/wp-content\/uploads\/sites\/2\/2024\/02\/cp.png\" width=\"343\" height=\"104\" srcset=\"https:\/\/casinoplanet.com\/de\/wp-content\/uploads\/sites\/2\/2024\/02\/cp.png 343w, https:\/\/casinoplanet.com\/de\/wp-content\/uploads\/sites\/2\/2024\/02\/cp-300x91.png 300w\" sizes=\"(max-width: 343px) 100vw, 343px\" \/><\/span><\/figure><\/div>\n\n\n\n<div class=\"wp-block-stackable-heading stk-block-heading stk-block-heading--v2 stk-block stk-b4bcc09\" id=\"span-style-color-ffffff-class-stk-highlight-casino-planet-casino-und-wetten-2024-span\" data-block-id=\"b4bcc09\"><h5 class=\"stk-block-heading__text has-text-align-center\"><span style=\"color: #ffffff;\" class=\"stk-highlight\">Casino Planet Casino und Wetten 2024<\/span><\/h5><\/div>\n\n\n\n<div class=\"wp-block-stackable-text stk-block-text stk-block stk-6693a86\" data-block-id=\"6693a86\"><style>.stk-6693a86 .stk-block-text__text{font-size:32px !important;color:#ffffff !important;font-weight:900 !important}@media screen and (max-width:1023px){.stk-6693a86 .stk-block-text__text{font-size:32px !important}}<\/style><p class=\"stk-block-text__text has-text-color has-text-align-center\">100 % bis zu 500 \u20ac\/$ + 200 FS + 1 Bonuskrabbe<\/p><\/div>\n\n\n\n<div class=\"wp-block-stackable-button-group stk-block-button-group stk-block stk-8b157ef\" data-block-id=\"8b157ef\"><div class=\"stk-row stk-inner-blocks has-text-align-center has-text-align-center-tablet stk-block-content stk-button-group\">\n<div class=\"wp-block-stackable-button stk-block-button customb stk-block stk-7f69dac\" data-block-id=\"7f69dac\"><style>.stk-7f69dac{border-top-left-radius:10px !important;border-top-right-radius:10px !important;border-bottom-right-radius:10px !important;border-bottom-left-radius:10px !important;overflow:hidden !important}.stk-7f69dac .stk-button{padding-top:15px !important;padding-right:30px !important;padding-bottom:15px !important;padding-left:30px !important;background:linear-gradient(90deg,rgb(0,133,228) 0%,rgb(0,211,153) 68%,rgb(0,211,153) 100%) !important}.stk-7f69dac .stk-button__inner-text{font-size:20px !important;font-weight:700 !important;text-transform:uppercase !important}@media screen and (max-width:1023px){.stk-7f69dac .stk-button__inner-text{font-size:20px !important}}<\/style><a class=\"stk-link stk-button stk--hover-effect-darken\" href=\"\/go\"><span class=\"stk-button__inner-text\">Melden Sie sich an<\/span><\/a><\/div>\n<\/div><\/div>\n<\/div><\/div><\/div>\n\n\n\n<div class=\"wp-block-stackable-column stk-block-column stk-column stk--hide-tablet stk--hide-mobile stk-block stk-7ec7140\" data-v=\"4\" data-block-id=\"7ec7140\"><style>@media screen and (min-width:768px){.stk-7ec7140{flex:1 1 calc(31% - var(--stk-column-gap,0px) * 2 \/ 3 ) !important}}<\/style><div class=\"stk-column-wrapper stk-block-column__content stk-container stk-7ec7140-container stk--no-background stk--no-padding\"><div class=\"stk-block-content stk-inner-blocks stk-7ec7140-inner-blocks\"><\/div><\/div><\/div>\n<\/div><\/div>\n\n\n\n<div class=\"wp-block-stackable-columns stk-block-columns stk-block stk-6331f78\" data-block-id=\"6331f78\"><div class=\"stk-row stk-inner-blocks stk-block-content stk-content-align stk-6331f78-column\">\n<div class=\"wp-block-stackable-column stk-block-column stk-column stk-block stk-76143fc\" data-v=\"4\" data-block-id=\"76143fc\"><div class=\"stk-column-wrapper stk-block-column__content stk-container stk-76143fc-container stk--no-background stk--no-padding\"><div class=\"stk-block-content stk-inner-blocks stk-76143fc-inner-blocks\">\n<nav class=\"wp-block-stackable-table-of-contents stk-block-table-of-contents stk-block stk-d2acef9 stk-block-background\" data-block-id=\"d2acef9\"><style>.stk-d2acef9 li,.stk-d2acef9 ul li a,.stk-d2acef9 ol li a{color:var(--theme-palette-color-8,#ffffff) !important}.stk-d2acef9:hover li,.stk-d2acef9:hover ul li a,.stk-d2acef9:hover ol li a{color:var(--theme-palette-color-2,#1E98F5) !important}.stk-d2acef9 .stk-table-of-contents__title{font-size:35px !important;color:var(--theme-palette-color-8,#ffffff) !important;font-weight:bold !important;font-family:\"Abhaya Libre\",Sans-serif !important}.stk-d2acef9{background-color:var(--theme-palette-color-4,#001423) !important;border-top-left-radius:15px !important;border-top-right-radius:15px !important;border-bottom-right-radius:15px !important;border-bottom-left-radius:15px !important;overflow:hidden !important;border-style:solid !important;border-color:var(--theme-palette-color-2,#1E98F5) !important;border-top-width:3px !important;border-right-width:3px !important;border-bottom-width:3px !important;border-left-width:3px !important;padding-top:55px !important;padding-right:55px !important;padding-bottom:55px !important;padding-left:55px !important}.stk-d2acef9:before{background-color:var(--theme-palette-color-4,#001423) !important}.stk-d2acef9 ol{list-style-type:upper-roman !important}@media screen and (max-width:1023px){.stk-d2acef9 .stk-table-of-contents__title{font-size:35px !important}.stk-d2acef9{padding-top:40px !important;padding-right:40px !important;padding-bottom:40px !important;padding-left:40px !important}}@media screen and (max-width:767px){.stk-d2acef9{padding-top:35px !important;padding-right:35px !important;padding-bottom:35px !important;padding-left:35px !important}}<\/style><p class=\"stk-table-of-contents__title has-text-color\">Table of Contents<\/p><ol class=\"stk-table-of-contents__table has-text-color\"><li><a href=\"#how-to-process-the-casino-planet-registration\">Wie l\u00e4uft die Anmeldung bei Casino Planet ab?<\/a><\/li><li><a href=\"#new-account-registration-bonuses\">Boni f\u00fcr die Registrierung eines neuen Kontos<\/a><\/li><li><a href=\"#why-should-you-register-on-casino-planet-casino\">Warum sollten Sie sich bei Casino Planet Casino registrieren?<\/a><ol><li><a href=\"#access-to-a-wide-range-of-casino-games\">Zugriff auf eine gro\u00dfe Auswahl an Casinospielen<\/a><\/li><li><a href=\"#exciting-bonuses-and-promotions\">Spannende Boni und Werbeaktionen<\/a><\/li><li><a href=\"#tips-for-a-successful-casino-planet-registration\">Tipps f\u00fcr eine erfolgreiche Registrierung bei Casino Planet<\/a><\/li><\/ol><\/li><li><a href=\"#faq\">FAQ<\/a><\/li><\/ol><\/nav>\n<\/div><\/div><\/div>\n<\/div><\/div>\n\n\n\n<p>Sind Sie bereit f\u00fcr eine aufregende Reise in die Welt des Online-Gamings? Suchen Sie nicht weiter als bis zum Casino Planet, wo auf Schritt und Tritt Spannung und Belohnungen auf Sie warten. In diesem umfassenden Leitfaden werde ich Sie durch den einfachen Prozess der Registrierung bei Casino Planet f\u00fchren, damit Sie im Handumdrehen mit dem Spielen Ihrer Lieblings-Casinospiele beginnen k\u00f6nnen.<\/p>\n\n\n\n<h3 class=\"wp-block-heading\" id=\"how-to-process-the-casino-planet-registration\">Wie l\u00e4uft die Anmeldung bei Casino Planet ab?<\/h3>\n\n\n\n<ol>\n<li>Besuchen Sie die Website: Um Ihre Registrierung zu beginnen, besuchen Sie einfach die offizielle Website von Casino Planet unter www.casinoplanet.com.<\/li>\n\n\n\n<li>Klicken Sie auf die Schaltfl\u00e4che \u201eRegistrieren\u201c: Suchen Sie auf der Startseite die Schaltfl\u00e4che \u201eRegistrieren\u201c und klicken Sie darauf. Dadurch wird der Registrierungsprozess eingeleitet und Sie gelangen zum n\u00e4chsten Schritt.<\/li>\n\n\n\n<li>Geben Sie Ihre pers\u00f6nlichen Daten ein: Jetzt ist es an der Zeit, einige grundlegende pers\u00f6nliche Informationen anzugeben, um Ihr Konto zu erstellen. Sie m\u00fcssen Details wie Ihren Namen, Ihr Geburtsdatum, Ihre E-Mail-Adresse und Ihre Kontaktnummer eingeben. Seien Sie versichert, dass Ihre Daten jederzeit sicher und gesch\u00fctzt aufbewahrt werden.<\/li>\n\n\n\n<li>W\u00e4hlen Sie Ihre bevorzugte Zahlungsmethode: Nachdem Sie Ihre pers\u00f6nlichen Daten eingegeben haben, werden Sie aufgefordert, Ihre bevorzugte Zahlungsmethode auszuw\u00e4hlen. Casino Planet bietet eine Vielzahl sicherer Zahlungsoptionen, die Ihren Anforderungen entsprechen, darunter Kredit-\/Debitkarten, E-Wallets und Bank\u00fcberweisungen.<\/li>\n\n\n\n<li>Kontobest\u00e4tigung: Um die Sicherheit Ihres Kontos zu gew\u00e4hrleisten und die gesetzlichen Anforderungen einzuhalten, kann Casino Planet Sie auffordern, Ihre Identit\u00e4t zu \u00fcberpr\u00fcfen. Dazu geh\u00f6rt in der Regel die Vorlage zus\u00e4tzlicher Dokumente, etwa einer Kopie Ihres Personalausweises oder eines Adressnachweises.<\/li>\n<\/ol>\n\n\n\n<h3 class=\"wp-block-heading\" id=\"new-account-registration-bonuses\">Boni f\u00fcr die Registrierung eines neuen Kontos<\/h3>\n\n\n\n<p>Als Dankesch\u00f6n daf\u00fcr, dass sie sich f\u00fcr Casino Planet entschieden haben, werden neue Spieler nach Abschluss des Registrierungsprozesses mit einem gro\u00dfz\u00fcgigen Willkommensbonuspaket begr\u00fc\u00dft. Dazu kann eine Kombination aus Bonusgeldern, Freispielen oder anderen aufregenden Belohnungen geh\u00f6ren, um Ihr Spielerlebnis richtig anzukurbeln.<\/p>\n\n\n\n<h2 class=\"wp-block-heading\" id=\"why-should-you-register-on-casino-planet-casino\">Warum sollten Sie sich bei Casino Planet Casino registrieren?<\/h2>\n\n\n\n<h3 class=\"wp-block-heading\" id=\"access-to-a-wide-range-of-casino-games\">Zugriff auf eine gro\u00dfe Auswahl an Casinospielen<\/h3>\n\n\n\n<p>Casino Planet verf\u00fcgt \u00fcber eine umfangreiche Sammlung an Casinospielen f\u00fcr jeden Geschmack und jede Vorliebe. Egal, ob Sie ein Fan klassischer Tischspiele wie Blackjack und Roulette sind oder den Nervenkitzel modernster Video-Slots bevorzugen, hier finden Sie alles.<\/p>\n\n\n\n<h3 class=\"wp-block-heading\" id=\"exciting-bonuses-and-promotions\">Spannende Boni und Werbeaktionen<\/h3>\n\n\n\n<p>Zus\u00e4tzlich zum Willkommensbonus bietet Casino Planet regelm\u00e4\u00dfig verschiedene Aktionen und Sonderangebote an, um treue Spieler zu belohnen. Von Aufladeboni bis hin zu Freispielen und Cashback-Pr\u00e4mien \u2013 bei Casino Planet ist immer etwas Aufregendes los.<\/p>\n\n\n\n<h3 class=\"wp-block-heading\" id=\"tips-for-a-successful-casino-planet-registration\">Tipps f\u00fcr eine erfolgreiche Registrierung bei Casino Planet<\/h3>\n\n\n\n<ul>\n<li>\u00dcberpr\u00fcfen Sie Ihre pers\u00f6nlichen Daten vor dem Absenden noch einmal, um die Richtigkeit sicherzustellen.<\/li>\n\n\n\n<li>Verwenden Sie ein sicheres Passwort, um Ihr Konto vor unbefugtem Zugriff zu sch\u00fctzen.<\/li>\n\n\n\n<li>Behalten Sie Ihren E-Mail-Posteingang f\u00fcr jegliche Kommunikation von Casino Planet im Auge, einschlie\u00dflich Anfragen zur Kontobest\u00e4tigung und Werbeangeboten.<\/li>\n<\/ul>\n\n\n\n<h2 class=\"wp-block-heading\" id=\"faq\">FAQ<\/h2>\n\n\n<div class=\"wp-block-rank-math-faq-block\">\n<div class=\"rank-math-faq-item\">\n<h3 class=\"rank-math-question\">Ist die Registrierung bei Casino Planet kostenlos?<\/h3>\n<div class=\"rank-math-answer\">Ja, die Registrierung bei Casino Planet ist v\u00f6llig kostenlos.<\/div>\n<\/div>\n<div class=\"rank-math-faq-item\">\n<h3 class=\"rank-math-question\">Wie lange dauert der Registrierungsprozess?<\/h3>\n<div class=\"rank-math-answer\">Der Registrierungsprozess dauert in der Regel nur wenige Minuten.<\/div>\n<\/div>\n<div class=\"rank-math-faq-item\">\n<h3 class=\"rank-math-question\">Kann ich Casinospiele spielen, ohne mich zu registrieren?<\/h3>\n<div class=\"rank-math-answer\">Nein, Sie m\u00fcssen \u00fcber ein registriertes Konto verf\u00fcgen, um auf Casino Planet zugreifen und Casinospiele spielen zu k\u00f6nnen.<\/div>\n<\/div>\n<\/div>","protected":false},"excerpt":{"rendered":"<style>  body {    font-family: 'Fira Sans', sans-serif;  }  .button-container3 {    display: flex;  }  .register-button3 {    padding: 10px 14px;    border: 2px solid transparent;    border-radius: 5px;    font-size: 16px;    cursor: pointer;    transition: border-color 0.3s, background-color 0.3s, color 0.3s;    margin-right: 10px;    width: 200px; \/* Adjust width as needed *\/    text-align: center;    font-weight: bold;    background-color: #2283E6; \/* Set a plain color background *\/    color: #FFF; \/* Default text color *\/    border: none;    text-decoration: none; \/* Removes default underline *\/}  .register-button3:hover {    border-color: #0000;    color: #000; \/* Change text color to black on hover *\/}  .hidden-text {    display: none; \/* CSS to hide the unwanted text *\/  }<\/style>\n<div class=\"button-container3\">  <a href=\"\/go\/\" class=\"register-button3\">     <span class=\"hidden-text\">[:en]:<\/span>     JETZT REGISTRIEREN  <\/a><\/div>\n","protected":false},"author":2,"featured_media":0,"parent":0,"menu_order":0,"comment_status":"closed","ping_status":"closed","template":"","meta":{"_themeisle_gutenberg_block_has_review":false,"footnotes":""},"blocksy_meta":[],"featured_image_urls":{"full":"","thumbnail":"","medium":"","medium_large":"","large":"","1536x1536":"","2048x2048":"","vegashero-thumb":"","mailpoet_newsletter_max":""},"post_excerpt_stackable":"<style>  body {    font-family: 'Fira Sans', sans-serif;  }  .button-container3 {    display: flex;  }  .register-button3 {    padding: 10px 14px;    border: 2px solid transparent;    border-radius: 5px;    font-size: 16px;    cursor: pointer;    transition: border-color 0.3s, background-color 0.3s, color 0.3s;    margin-right: 10px;    width: 200px; \/* Adjust width as needed *\/    text-align: center;    font-weight: bold;    background-color: #2283E6; \/* Set a plain color background *\/    color: #FFF; \/* Default text color *\/    border: none;    text-decoration: none; \/* Removes default underline *\/}  .register-button3:hover {    border-color: #0000;    color: #000; \/* Change text color to black on hover *\/}  .hidden-text {    display: none; \/* CSS to hide the unwanted text *\/  }<\/style>\n<div class=\"button-container3\">  <a href=\"\/go\/\" class=\"register-button3\">     <span class=\"hidden-text\">[:en]:<\/span>     JETZT REGISTRIEREN  <\/a><\/div>\n","category_list":"","author_info":{"name":"goldenzebra773","url":"https:\/\/casinoplanet.com\/de\/author\/goldenzebra773\/"},"comments_num":"0 comments","_links":{"self":[{"href":"https:\/\/casinoplanet.com\/de\/wp-json\/wp\/v2\/pages\/5275"}],"collection":[{"href":"https:\/\/casinoplanet.com\/de\/wp-json\/wp\/v2\/pages"}],"about":[{"href":"https:\/\/casinoplanet.com\/de\/wp-json\/wp\/v2\/types\/page"}],"author":[{"embeddable":true,"href":"https:\/\/casinoplanet.com\/de\/wp-json\/wp\/v2\/users\/2"}],"replies":[{"embeddable":true,"href":"https:\/\/casinoplanet.com\/de\/wp-json\/wp\/v2\/comments?post=5275"}],"version-history":[{"count":4,"href":"https:\/\/casinoplanet.com\/de\/wp-json\/wp\/v2\/pages\/5275\/revisions"}],"predecessor-version":[{"id":5375,"href":"https:\/\/casinoplanet.com\/de\/wp-json\/wp\/v2\/pages\/5275\/revisions\/5375"}],"wp:attachment":[{"href":"https:\/\/casinoplanet.com\/de\/wp-json\/wp\/v2\/media?parent=5275"}],"curies":[{"name":"wp","href":"https:\/\/api.w.org\/{rel}","templated":true}]}}