{"id":5268,"date":"2024-02-15T10:44:51","date_gmt":"2024-02-15T10:44:51","guid":{"rendered":"https:\/\/casinoplanet.com\/de\/?page_id=5268"},"modified":"2024-03-12T07:16:20","modified_gmt":"2024-03-12T07:16:20","slug":"disclaimer","status":"publish","type":"page","link":"https:\/\/casinoplanet.com\/de\/disclaimer\/","title":{"rendered":"Haftungsausschluss"},"content":{"rendered":"<p>Wenn Sie weitere Informationen ben\u00f6tigen oder Fragen zum Haftungsausschluss unserer Website haben, k\u00f6nnen Sie uns gerne per E-Mail unter\u00a0contact@casinoplanet.com kontaktieren.<\/p><h2 class=\"wp-block-heading\">Haftungsausschluss f\u00fcr casinoplanet.com<\/h2><p>Alle Informationen auf dieser Website \u2013 casinoplanet.com \u2013 werden in gutem Glauben und nur zu allgemeinen Informationszwecken ver\u00f6ffentlicht. casinoplanet.com \u00fcbernimmt keine Garantie f\u00fcr die Vollst\u00e4ndigkeit, Zuverl\u00e4ssigkeit und Richtigkeit dieser Informationen. Alle Ma\u00dfnahmen, die Sie aufgrund der Informationen, die Sie auf dieser Website (casinoplanet.com) finden, ergreifen, erfolgen ausschlie\u00dflich auf Ihr eigenes Risiko. casinoplanet.com haftet nicht f\u00fcr Verluste und\/oder Sch\u00e4den im Zusammenhang mit der Nutzung unserer Website.<\/p><p>Von unserer Website aus k\u00f6nnen Sie andere Websites besuchen, indem Sie Hyperlinks zu solchen externen Websites folgen. Obwohl wir bestrebt sind, nur hochwertige Links zu n\u00fctzlichen und ethisch vertretbaren Websites bereitzustellen, haben wir keine Kontrolle \u00fcber den Inhalt und die Beschaffenheit dieser Websites. Diese Links zu anderen Websites stellen keine Empfehlung f\u00fcr den gesamten Inhalt dieser Websites dar. Websiteeigent\u00fcmer und Inhalte k\u00f6nnen ohne Vorank\u00fcndigung ge\u00e4ndert werden, und zwar bevor wir die M\u00f6glichkeit haben, einen Link zu entfernen, der m\u00f6glicherweise \u201eschlecht\u201c geworden ist.<\/p><p>Bitte beachten Sie auch, dass beim Verlassen unserer Website m\u00f6glicherweise andere Datenschutzrichtlinien und -bedingungen auf anderen Websites gelten, auf die wir keinen Einfluss haben. Bitte \u00fcberpr\u00fcfen Sie unbedingt die Datenschutzrichtlinien dieser Websites sowie deren \u201eNutzungsbedingungen\u201c, bevor Sie Gesch\u00e4fte t\u00e4tigen oder Informationen hochladen.<\/p><h2 class=\"wp-block-heading\">Zustimmung<\/h2><p>Durch die Nutzung unserer Website stimmen Sie hiermit unserem Haftungsausschluss zu und stimmen dessen Bedingungen zu.<\/p><h2 class=\"wp-block-heading\">Aktualisieren<\/h2><p>Sollten wir dieses Dokument aktualisieren, erg\u00e4nzen oder \u00c4nderungen daran vornehmen, werden diese \u00c4nderungen hier deutlich sichtbar ver\u00f6ffentlicht.<\/p>","protected":false},"excerpt":{"rendered":"<style>  body {    font-family: 'Fira Sans', sans-serif;  }  .button-container3 {    display: flex;  }  .register-button3 {    padding: 10px 14px;    border: 2px solid transparent;    border-radius: 5px;    font-size: 16px;    cursor: pointer;    transition: border-color 0.3s, background-color 0.3s, color 0.3s;    margin-right: 10px;    width: 200px; \/* Adjust width as needed *\/    text-align: center;    font-weight: bold;    background-color: #2283E6; \/* Set a plain color background *\/    color: #FFF; \/* Default text color *\/    border: none;    text-decoration: none; \/* Removes default underline *\/}  .register-button3:hover {    border-color: #0000;    color: #000; \/* Change text color to black on hover *\/}  .hidden-text {    display: none; \/* CSS to hide the unwanted text *\/  }<\/style>\n<div class=\"button-container3\">  <a href=\"\/go\/\" class=\"register-button3\">     <span class=\"hidden-text\">[:en]:<\/span>     JETZT REGISTRIEREN  <\/a><\/div>\n","protected":false},"author":2,"featured_media":0,"parent":0,"menu_order":0,"comment_status":"closed","ping_status":"closed","template":"","meta":{"_themeisle_gutenberg_block_has_review":false,"footnotes":""},"blocksy_meta":[],"featured_image_urls":{"full":"","thumbnail":"","medium":"","medium_large":"","large":"","1536x1536":"","2048x2048":"","vegashero-thumb":"","mailpoet_newsletter_max":""},"post_excerpt_stackable":"<style>  body {    font-family: 'Fira Sans', sans-serif;  }  .button-container3 {    display: flex;  }  .register-button3 {    padding: 10px 14px;    border: 2px solid transparent;    border-radius: 5px;    font-size: 16px;    cursor: pointer;    transition: border-color 0.3s, background-color 0.3s, color 0.3s;    margin-right: 10px;    width: 200px; \/* Adjust width as needed *\/    text-align: center;    font-weight: bold;    background-color: #2283E6; \/* Set a plain color background *\/    color: #FFF; \/* Default text color *\/    border: none;    text-decoration: none; \/* Removes default underline *\/}  .register-button3:hover {    border-color: #0000;    color: #000; \/* Change text color to black on hover *\/}  .hidden-text {    display: none; \/* CSS to hide the unwanted text *\/  }<\/style>\n<div class=\"button-container3\">  <a href=\"\/go\/\" class=\"register-button3\">     <span class=\"hidden-text\">[:en]:<\/span>     JETZT REGISTRIEREN  <\/a><\/div>\n","category_list":"","author_info":{"name":"goldenzebra773","url":"https:\/\/casinoplanet.com\/de\/author\/goldenzebra773\/"},"comments_num":"0 comments","_links":{"self":[{"href":"https:\/\/casinoplanet.com\/de\/wp-json\/wp\/v2\/pages\/5268"}],"collection":[{"href":"https:\/\/casinoplanet.com\/de\/wp-json\/wp\/v2\/pages"}],"about":[{"href":"https:\/\/casinoplanet.com\/de\/wp-json\/wp\/v2\/types\/page"}],"author":[{"embeddable":true,"href":"https:\/\/casinoplanet.com\/de\/wp-json\/wp\/v2\/users\/2"}],"replies":[{"embeddable":true,"href":"https:\/\/casinoplanet.com\/de\/wp-json\/wp\/v2\/comments?post=5268"}],"version-history":[{"count":2,"href":"https:\/\/casinoplanet.com\/de\/wp-json\/wp\/v2\/pages\/5268\/revisions"}],"predecessor-version":[{"id":5330,"href":"https:\/\/casinoplanet.com\/de\/wp-json\/wp\/v2\/pages\/5268\/revisions\/5330"}],"wp:attachment":[{"href":"https:\/\/casinoplanet.com\/de\/wp-json\/wp\/v2\/media?parent=5268"}],"curies":[{"name":"wp","href":"https:\/\/api.w.org\/{rel}","templated":true}]}}