{"id":5266,"date":"2024-02-15T10:56:05","date_gmt":"2024-02-15T10:56:05","guid":{"rendered":"https:\/\/casinoplanet.com\/de\/?page_id=5266"},"modified":"2024-03-12T07:16:07","modified_gmt":"2024-03-12T07:16:07","slug":"geschaftsbedingungen","status":"publish","type":"page","link":"https:\/\/casinoplanet.com\/de\/geschaftsbedingungen\/","title":{"rendered":"Gesch\u00e4ftsbedingungen"},"content":{"rendered":"\n<p>Willkommen bei Casino Planet!<\/p>\n\n\n\n<p>Diese Allgemeinen Gesch\u00e4ftsbedingungen beschreiben die Regeln und Vorschriften f\u00fcr die Nutzung der Website von Rabidi N.V. unter https:\/\/casinoplanet.com\/de.<\/p>\n\n\n\n<p>Durch den Zugriff auf diese Website gehen wir davon aus, dass Sie diese Allgemeinen Gesch\u00e4ftsbedingungen akzeptieren. Setzen Sie die Nutzung von Casino Planet nicht fort, wenn Sie nicht mit allen auf dieser Seite genannten Bedingungen einverstanden sind.<\/p>\n\n\n\n<p>Die folgende Terminologie gilt f\u00fcr diese Allgemeinen Gesch\u00e4ftsbedingungen, die Datenschutzerkl\u00e4rung und den Haftungsausschluss sowie alle Vereinbarungen: &#8220;Kunde&#8221;, &#8220;Sie&#8221; und &#8220;Ihr&#8221; bezieht sich auf Sie, die Person, die sich auf dieser Website anmeldet und den Gesch\u00e4ftsbedingungen des Unternehmens zustimmt. &#8220;Das Unternehmen&#8221;, &#8220;Wir&#8221;, &#8220;Wir&#8221;, &#8220;Unser&#8221; und &#8220;Uns&#8221;, bezieht sich auf unser Unternehmen. &#8220;Partei&#8221;, &#8220;Parteien&#8221; oder &#8220;uns&#8221; bezieht sich sowohl auf den Kunden als auch auf uns. Alle Begriffe beziehen sich auf das Angebot, die Annahme und die Ber\u00fccksichtigung der Zahlung, die notwendig ist, um den Prozess unserer Unterst\u00fctzung f\u00fcr den Kunden in der am besten geeigneten Art und Weise f\u00fcr den ausdr\u00fccklichen Zweck der Erf\u00fcllung der Bed\u00fcrfnisse des Kunden in Bezug auf die Bereitstellung der angegebenen Dienstleistungen des Unternehmens, in \u00dcbereinstimmung mit und vorbehaltlich des geltenden Rechts von cw. Jegliche Verwendung der obigen Terminologie oder anderer W\u00f6rter in der Einzahl, Mehrzahl, Gro\u00dfschreibung und\/oder er\/sie oder sie, werden als austauschbar angesehen und beziehen sich daher auf dasselbe.<\/p>\n\n\n\n<h3 class=\"wp-block-heading\"><strong>Cookies<\/strong><\/h3>\n\n\n\n<p>Wir verwenden Cookies. Indem Sie auf Casino Planet zugreifen, erkl\u00e4ren Sie sich mit der Verwendung von Cookies in \u00dcbereinstimmung mit den Datenschutzrichtlinien von Rabidi N.V. einverstanden.<\/p>\n\n\n\n<p>Die meisten interaktiven Websites verwenden Cookies, damit wir die Daten des Benutzers bei jedem Besuch abrufen k\u00f6nnen. Auf unserer Website werden Cookies verwendet, um die Funktionalit\u00e4t bestimmter Bereiche zu erm\u00f6glichen und den Besuch unserer Website zu erleichtern. Einige unserer Partner\/Werbepartner k\u00f6nnen ebenfalls Cookies verwenden.<\/p>\n\n\n\n<h3 class=\"wp-block-heading\"><strong>Lizenz<\/strong><\/h3>\n\n\n\n<p>Sofern nicht anders angegeben, sind Rabidi N.V. und\/oder seine Lizenzgeber Eigent\u00fcmer der geistigen Eigentumsrechte f\u00fcr das gesamte Material auf Casino Planet. Alle geistigen Eigentumsrechte sind vorbehalten. Sie k\u00f6nnen auf dieses Material von Casino Planet f\u00fcr Ihren pers\u00f6nlichen Gebrauch zugreifen, vorbehaltlich der in diesen Bedingungen und Konditionen festgelegten Einschr\u00e4nkungen.<\/p>\n\n\n\n<p>Sie d\u00fcrfen nicht:<\/p>\n\n\n\n<ul>\n<li>Material von Casino Planet erneut zu ver\u00f6ffentlichen<\/li>\n\n\n\n<li>Material von Casino Planet verkaufen, vermieten oder unterlizenzieren<\/li>\n\n\n\n<li>Material von Casino Planet zu reproduzieren, zu duplizieren oder zu kopieren<\/li>\n\n\n\n<li>Inhalte von Casino Planet weiterzuverteilen<\/li>\n<\/ul>\n\n\n\n<p>Rabidi N.V. beh\u00e4lt sich das Recht vor, alle Kommentare zu \u00fcberwachen und alle Kommentare zu entfernen, die als unangemessen oder beleidigend angesehen werden k\u00f6nnen oder einen Versto\u00df gegen diese Gesch\u00e4ftsbedingungen darstellen.<\/p>\n\n\n\n<p>Sie garantieren und sichern zu, dass:<\/p>\n\n\n\n<ul>\n<li>Sie berechtigt sind, die Kommentare auf unserer Website zu ver\u00f6ffentlichen und \u00fcber alle erforderlichen Lizenzen und Genehmigungen verf\u00fcgen, um dies zu tun;<\/li>\n\n\n\n<li>Die Kommentare verletzen keine geistigen Eigentumsrechte, einschlie\u00dflich, aber nicht beschr\u00e4nkt auf Urheberrechte, Patente oder Marken Dritter;<\/li>\n\n\n\n<li>Die Kommentare enthalten kein diffamierendes, verleumderisches, beleidigendes, unanst\u00e4ndiges oder anderweitig rechtswidriges Material, das eine Verletzung der Privatsph\u00e4re darstellt<\/li>\n\n\n\n<li>Die Kommentare werden nicht verwendet, um f\u00fcr Gesch\u00e4fte oder Gewohnheiten zu werben oder kommerzielle Aktivit\u00e4ten oder ungesetzliche Aktivit\u00e4ten darzustellen.<\/li>\n<\/ul>\n\n\n\n<p>Sie gew\u00e4hren Rabidi N.V. hiermit eine nicht-exklusive Lizenz zur Nutzung, Vervielf\u00e4ltigung, Bearbeitung und Autorisierung anderer zur Nutzung, Vervielf\u00e4ltigung und Bearbeitung aller Ihrer Kommentare in allen Formen, Formaten oder Medien.<\/p>\n\n\n\n<h3 class=\"wp-block-heading\"><strong>Hyperlinking zu unserem Inhalt<\/strong><\/h3>\n\n\n\n<p>Die folgenden Organisationen d\u00fcrfen ohne vorherige schriftliche Genehmigung auf unsere Website verlinken:<\/p>\n\n\n\n<ul>\n<li>Regierungsbeh\u00f6rden;<\/li>\n\n\n\n<li>Suchmaschinen;<\/li>\n\n\n\n<li>Nachrichtenorganisationen;<\/li>\n\n\n\n<li>Verteiler von Online-Verzeichnissen d\u00fcrfen auf unsere Website verlinken, so wie sie auf die Websites anderer gelisteter Unternehmen verlinken; und<\/li>\n\n\n\n<li>Systemweit zugelassene Unternehmen, mit Ausnahme von gemeinn\u00fctzigen Organisationen, Einkaufszentren f\u00fcr wohlt\u00e4tige Zwecke und Gruppen f\u00fcr wohlt\u00e4tige Zwecke, die keine Hyperlinks zu unserer Website herstellen d\u00fcrfen.<\/li>\n<\/ul>\n\n\n\n<p>Diese Organisationen k\u00f6nnen einen Link zu unserer Homepage, zu Ver\u00f6ffentlichungen oder zu anderen Website-Informationen setzen, solange der Link: (a) in keiner Weise irref\u00fchrend ist; (b) nicht f\u00e4lschlicherweise das Sponsoring, die Bef\u00fcrwortung oder die Genehmigung der verlinkenden Partei und ihrer Produkte und\/oder Dienstleistungen impliziert; und (c) in den Kontext der Website der verlinkenden Partei passt.<\/p>\n\n\n\n<p>Wir k\u00f6nnen andere Linkanfragen von den folgenden Arten von Organisationen ber\u00fccksichtigen und genehmigen:<\/p>\n\n\n\n<ul>\n<li>allgemein bekannte Informationsquellen f\u00fcr Verbraucher und\/oder Unternehmen;<\/li>\n\n\n\n<li>dot.com-Community-Seiten;<\/li>\n\n\n\n<li>verb\u00e4nde oder andere Gruppen, die Wohlt\u00e4tigkeitsorganisationen vertreten;<\/li>\n\n\n\n<li>online-Verzeichnisverteiler;<\/li>\n\n\n\n<li>internet-Portale;<\/li>\n\n\n\n<li>buchhaltungs-, Rechts- und Beratungsfirmen und<\/li>\n\n\n\n<li>bildungseinrichtungen und Handelsverb\u00e4nde.<\/li>\n<\/ul>\n\n\n\n<p>Wir werden Linkanfragen dieser Organisationen genehmigen, wenn wir entscheiden, dass: (a) der Link uns oder die von uns akkreditierten Unternehmen nicht in ein schlechtes Licht r\u00fccken w\u00fcrde; (b) die Organisation keine negativen Erfahrungen mit uns gemacht hat; (c) der Nutzen, den wir aus der Sichtbarkeit des Hyperlinks ziehen, die Abwesenheit von Rabidi N.V. ausgleicht; und (d) der Link im Zusammenhang mit allgemeinen Informationen steht.<\/p>\n\n\n\n<p>Diese Organisationen k\u00f6nnen auf unsere Homepage verlinken, solange der Link: (a) in keiner Weise irref\u00fchrend ist; (b) nicht f\u00e4lschlicherweise ein Sponsoring, eine Bef\u00fcrwortung oder eine Genehmigung der verlinkenden Partei und ihrer Produkte oder Dienstleistungen impliziert; und (c) in den Kontext der Website der verlinkenden Partei passt.<\/p>\n\n\n\n<p>Zugelassene Organisationen k\u00f6nnen Hyperlinks zu unserer Website wie folgt erstellen:<\/p>\n\n\n\n<ul>\n<li>Durch die Verwendung unseres Firmennamens; oder<\/li>\n\n\n\n<li>Durch Verwendung des Uniform Resource Locators, auf den verlinkt wird; oder<\/li>\n\n\n\n<li>Durch Verwendung einer anderen Beschreibung unserer Website, auf die verlinkt wird, die im Kontext und im Format des Inhalts auf der Website der verlinkenden Partei sinnvoll ist.<\/li>\n<\/ul>\n\n\n\n<p>Die Verwendung des Logos oder anderer Grafiken von Rabidi N.V. ist ohne eine Markenlizenzvereinbarung f\u00fcr die Verlinkung nicht gestattet.<\/p>\n\n\n\n<h3 class=\"wp-block-heading\"><strong>iFrames<\/strong><\/h3>\n\n\n\n<p>Ohne vorherige Genehmigung und schriftliche Zustimmung d\u00fcrfen Sie keine Frames um unsere Webseiten herum erstellen, die die visuelle Darstellung oder das Aussehen unserer Website in irgendeiner Weise ver\u00e4ndern.<\/p>\n\n\n\n<h3 class=\"wp-block-heading\"><strong>Haftung f\u00fcr Inhalte<\/strong><\/h3>\n\n\n\n<p>Wir sind nicht verantwortlich f\u00fcr Inhalte, die auf Ihrer Website erscheinen. Sie verpflichten sich, uns gegen alle Anspr\u00fcche zu sch\u00fctzen und zu verteidigen, die auf Ihrer Website erhoben werden. Es d\u00fcrfen keine Links auf einer Website erscheinen, die als verleumderisch, obsz\u00f6n oder kriminell ausgelegt werden k\u00f6nnen oder die Rechte Dritter verletzen, anderweitig verletzen oder die Verletzung oder sonstige Verletzung von Rechten Dritter bef\u00fcrworten.<\/p>\n\n\n\n<h3 class=\"wp-block-heading\"><strong>Vorbehalt von Rechten<\/strong><\/h3>\n\n\n\n<p>Wir behalten uns das Recht vor, Sie aufzufordern, alle Links oder einen bestimmten Link zu unserer Website zu entfernen. Sie erkl\u00e4ren sich damit einverstanden, alle Links zu unserer Website auf Aufforderung unverz\u00fcglich zu entfernen. Wir behalten uns auch das Recht vor, diese Bedingungen und die Linkpolitik jederzeit zu \u00e4ndern. Durch die kontinuierliche Verkn\u00fcpfung mit unserer Website erkl\u00e4ren Sie sich damit einverstanden, an diese Verkn\u00fcpfungsbedingungen gebunden zu sein und diese zu befolgen.<\/p>\n\n\n\n<h3 class=\"wp-block-heading\"><strong>Entfernung von Links von unserer Website<\/strong><\/h3>\n\n\n\n<p>Wenn Sie einen Link auf unserer Website finden, der aus irgendeinem Grund anst\u00f6\u00dfig ist, k\u00f6nnen Sie uns jederzeit kontaktieren und informieren. Wir werden Antr\u00e4ge auf Entfernung von Links pr\u00fcfen, sind jedoch nicht verpflichtet, dies zu tun oder Ihnen direkt zu antworten.<\/p>\n\n\n\n<p>Wir gew\u00e4hrleisten nicht, dass die Informationen auf dieser Website korrekt sind, wir garantieren nicht f\u00fcr ihre Vollst\u00e4ndigkeit oder Genauigkeit; wir versprechen auch nicht, dass die Website verf\u00fcgbar bleibt oder dass das Material auf der Website auf dem neuesten Stand gehalten wird.<\/p>\n\n\n\n<h3 class=\"wp-block-heading\"><strong>Haftungsausschluss<\/strong><\/h3>\n\n\n\n<p>Soweit dies nach geltendem Recht zul\u00e4ssig ist, schlie\u00dfen wir alle Zusicherungen, Gew\u00e4hrleistungen und Bedingungen in Bezug auf unsere Website und die Nutzung dieser Website aus. Nichts in diesem Haftungsausschluss wird:<\/p>\n\n\n\n<ul>\n<li>unsere oder Ihre Haftung f\u00fcr Tod oder K\u00f6rperverletzung einschr\u00e4nken oder ausschlie\u00dfen;<\/li>\n\n\n\n<li>unsere oder Ihre Haftung f\u00fcr Betrug oder arglistige T\u00e4uschung einschr\u00e4nken oder ausschlie\u00dfen;<\/li>\n\n\n\n<li>unsere oder Ihre Haftung in einer Weise beschr\u00e4nken, die nach geltendem Recht nicht zul\u00e4ssig ist; oder<\/li>\n\n\n\n<li>unsere oder Ihre Haftung ausschlie\u00dfen, die nach geltendem Recht nicht ausgeschlossen werden darf.<\/li>\n<\/ul>\n\n\n\n<p>Die in diesem Abschnitt und an anderer Stelle in diesem Haftungsausschluss festgelegten Haftungsbeschr\u00e4nkungen und -verbote: (a) unterliegen dem vorangehenden Absatz; und (b) regeln alle Haftungen, die sich aus dem Haftungsausschluss ergeb<\/p>\n","protected":false},"excerpt":{"rendered":"<style>  body {    font-family: 'Fira Sans', sans-serif;  }  .button-container3 {    display: flex;  }  .register-button3 {    padding: 10px 14px;    border: 2px solid transparent;    border-radius: 5px;    font-size: 16px;    cursor: pointer;    transition: border-color 0.3s, background-color 0.3s, color 0.3s;    margin-right: 10px;    width: 200px; \/* Adjust width as needed *\/    text-align: center;    font-weight: bold;    background-color: #2283E6; \/* Set a plain color background *\/    color: #FFF; \/* Default text color *\/    border: none;    text-decoration: none; \/* Removes default underline *\/}  .register-button3:hover {    border-color: #0000;    color: #000; \/* Change text color to black on hover *\/}  .hidden-text {    display: none; \/* CSS to hide the unwanted text *\/  }<\/style>\n<div class=\"button-container3\">  <a href=\"\/go\/\" class=\"register-button3\">     <span class=\"hidden-text\">[:en]:<\/span>     JETZT REGISTRIEREN  <\/a><\/div>\n","protected":false},"author":2,"featured_media":0,"parent":0,"menu_order":0,"comment_status":"closed","ping_status":"closed","template":"","meta":{"_themeisle_gutenberg_block_has_review":false,"footnotes":""},"blocksy_meta":[],"featured_image_urls":{"full":"","thumbnail":"","medium":"","medium_large":"","large":"","1536x1536":"","2048x2048":"","vegashero-thumb":"","mailpoet_newsletter_max":""},"post_excerpt_stackable":"<style>  body {    font-family: 'Fira Sans', sans-serif;  }  .button-container3 {    display: flex;  }  .register-button3 {    padding: 10px 14px;    border: 2px solid transparent;    border-radius: 5px;    font-size: 16px;    cursor: pointer;    transition: border-color 0.3s, background-color 0.3s, color 0.3s;    margin-right: 10px;    width: 200px; \/* Adjust width as needed *\/    text-align: center;    font-weight: bold;    background-color: #2283E6; \/* Set a plain color background *\/    color: #FFF; \/* Default text color *\/    border: none;    text-decoration: none; \/* Removes default underline *\/}  .register-button3:hover {    border-color: #0000;    color: #000; \/* Change text color to black on hover *\/}  .hidden-text {    display: none; \/* CSS to hide the unwanted text *\/  }<\/style>\n<div class=\"button-container3\">  <a href=\"\/go\/\" class=\"register-button3\">     <span class=\"hidden-text\">[:en]:<\/span>     JETZT REGISTRIEREN  <\/a><\/div>\n","category_list":"","author_info":{"name":"goldenzebra773","url":"https:\/\/casinoplanet.com\/de\/author\/goldenzebra773\/"},"comments_num":"0 comments","_links":{"self":[{"href":"https:\/\/casinoplanet.com\/de\/wp-json\/wp\/v2\/pages\/5266"}],"collection":[{"href":"https:\/\/casinoplanet.com\/de\/wp-json\/wp\/v2\/pages"}],"about":[{"href":"https:\/\/casinoplanet.com\/de\/wp-json\/wp\/v2\/types\/page"}],"author":[{"embeddable":true,"href":"https:\/\/casinoplanet.com\/de\/wp-json\/wp\/v2\/users\/2"}],"replies":[{"embeddable":true,"href":"https:\/\/casinoplanet.com\/de\/wp-json\/wp\/v2\/comments?post=5266"}],"version-history":[{"count":3,"href":"https:\/\/casinoplanet.com\/de\/wp-json\/wp\/v2\/pages\/5266\/revisions"}],"predecessor-version":[{"id":5329,"href":"https:\/\/casinoplanet.com\/de\/wp-json\/wp\/v2\/pages\/5266\/revisions\/5329"}],"wp:attachment":[{"href":"https:\/\/casinoplanet.com\/de\/wp-json\/wp\/v2\/media?parent=5266"}],"curies":[{"name":"wp","href":"https:\/\/api.w.org\/{rel}","templated":true}]}}