{"id":5259,"date":"2024-02-27T07:00:09","date_gmt":"2024-02-27T07:00:09","guid":{"rendered":"https:\/\/casinoplanet.com\/de\/?page_id=5259"},"modified":"2024-03-12T06:46:53","modified_gmt":"2024-03-12T06:46:53","slug":"cashback","status":"publish","type":"page","link":"https:\/\/casinoplanet.com\/de\/cashback\/","title":{"rendered":"Cashback-Bonus"},"content":{"rendered":"\n<div class=\"wp-block-stackable-columns alignfull stk-block-columns stk-block stk-5873d73\" data-block-id=\"5873d73\"><style>.stk-5873d73 .stk--block-align-5873d73{align-items:center !important}.stk-5873d73{margin-bottom:60px !important}.stk-5873d73-column{--stk-column-gap:30px !important}@media screen and (max-width:1023px){.stk-5873d73{padding-right:30px !important;padding-left:30px !important}}@media screen and (max-width:767px){.stk-5873d73{padding-right:20px !important;padding-left:20px !important}}<\/style><div class=\"stk-row stk-inner-blocks stk--block-align-5873d73 stk-block-content stk-content-align stk-5873d73-column alignfull\">\n<div class=\"wp-block-stackable-column stk-block-column stk-column stk--hide-tablet stk--hide-mobile stk-block stk-6531ea2\" data-v=\"4\" data-block-id=\"6531ea2\"><style>@media screen and (min-width:768px){.stk-6531ea2{flex:1 1 calc(31% - var(--stk-column-gap,0px) * 2 \/ 3 ) !important}}<\/style><div class=\"stk-column-wrapper stk-block-column__content stk-container stk-6531ea2-container stk--no-background stk--no-padding\"><div class=\"stk-block-content stk-inner-blocks stk-6531ea2-inner-blocks\"><\/div><\/div><\/div>\n\n\n\n<div class=\"wp-block-stackable-column stk-block-column stk-column stk-block stk-54d84f0 stk-block-background\" data-v=\"4\" data-block-id=\"54d84f0\"><style>.stk-54d84f0-inner-blocks{justify-content:center !important}.stk-54d84f0{background-color:var(--theme-palette-color-4,#001423) !important;border-top-left-radius:12px !important;border-top-right-radius:12px !important;border-bottom-right-radius:12px !important;border-bottom-left-radius:12px !important;overflow:hidden !important;border-style:solid !important;border-color:var(--theme-palette-color-2,#1E98F5) !important;border-top-width:2px !important;border-right-width:2px !important;border-bottom-width:2px !important;border-left-width:2px !important}.stk-54d84f0:before{background-color:var(--theme-palette-color-4,#001423) !important}.stk-54d84f0-container{padding-top:50px !important;padding-bottom:50px !important}@media screen and (min-width:768px){.stk-54d84f0{flex:1 1 calc(38% - var(--stk-column-gap,0px) * 2 \/ 3 ) !important}}<\/style><div class=\"stk-column-wrapper stk-block-column__content stk-container stk-54d84f0-container stk--no-background stk--no-padding\"><div class=\"stk--column-flex stk-block-content stk-inner-blocks stk-54d84f0-inner-blocks\">\n<div class=\"wp-block-stackable-image aligncenter stk-block-image stk-block stk-f77131a\" data-block-id=\"f77131a\"><style>.stk-f77131a .stk-img-wrapper{width:45% !important}<\/style><figure><span class=\"stk-img-wrapper stk-image--shape-stretch\"><img loading=\"lazy\" decoding=\"async\" class=\"stk-img wp-image-1580\" src=\"https:\/\/casinoplanet.com\/wp-content\/uploads\/sites\/2\/2024\/02\/cp.png\" width=\"343\" height=\"104\" srcset=\"https:\/\/casinoplanet.com\/de\/wp-content\/uploads\/sites\/2\/2024\/02\/cp.png 343w, https:\/\/casinoplanet.com\/de\/wp-content\/uploads\/sites\/2\/2024\/02\/cp-300x91.png 300w\" sizes=\"(max-width: 343px) 100vw, 343px\" \/><\/span><\/figure><\/div>\n\n\n\n<div class=\"wp-block-stackable-heading stk-block-heading stk-block-heading--v2 stk-block stk-b4bcc09\" id=\"span-style-color-ffffff-class-stk-highlight-casino-planet-casino-und-wetten-2024-span\" data-block-id=\"b4bcc09\"><h5 class=\"stk-block-heading__text has-text-align-center\"><span style=\"color: #ffffff;\" class=\"stk-highlight\">Casino Planet Casino und Wetten 2024<\/span><\/h5><\/div>\n\n\n\n<div class=\"wp-block-stackable-text stk-block-text stk-block stk-6693a86\" data-block-id=\"6693a86\"><style>.stk-6693a86 .stk-block-text__text{font-size:32px !important;color:#ffffff !important;font-weight:900 !important}@media screen and (max-width:1023px){.stk-6693a86 .stk-block-text__text{font-size:32px !important}}<\/style><p class=\"stk-block-text__text has-text-color has-text-align-center\">100 % bis zu 500 \u20ac\/$ + 200 FS + 1 Bonuskrabbe<\/p><\/div>\n\n\n\n<div class=\"wp-block-stackable-button-group stk-block-button-group stk-block stk-8b157ef\" data-block-id=\"8b157ef\"><div class=\"stk-row stk-inner-blocks has-text-align-center has-text-align-center-tablet stk-block-content stk-button-group\">\n<div class=\"wp-block-stackable-button stk-block-button customb stk-block stk-7f69dac\" data-block-id=\"7f69dac\"><style>.stk-7f69dac{border-top-left-radius:10px !important;border-top-right-radius:10px !important;border-bottom-right-radius:10px !important;border-bottom-left-radius:10px !important;overflow:hidden !important}.stk-7f69dac .stk-button{padding-top:15px !important;padding-right:30px !important;padding-bottom:15px !important;padding-left:30px !important;background:linear-gradient(90deg,rgb(0,133,228) 0%,rgb(0,211,153) 68%,rgb(0,211,153) 100%) !important}.stk-7f69dac .stk-button__inner-text{font-size:20px !important;font-weight:700 !important;text-transform:uppercase !important}@media screen and (max-width:1023px){.stk-7f69dac .stk-button__inner-text{font-size:20px !important}}<\/style><a class=\"stk-link stk-button stk--hover-effect-darken\" href=\"\/go\"><span class=\"stk-button__inner-text\">Melden Sie sich an<\/span><\/a><\/div>\n<\/div><\/div>\n<\/div><\/div><\/div>\n\n\n\n<div class=\"wp-block-stackable-column stk-block-column stk-column stk--hide-tablet stk--hide-mobile stk-block stk-7ec7140\" data-v=\"4\" data-block-id=\"7ec7140\"><style>@media screen and (min-width:768px){.stk-7ec7140{flex:1 1 calc(31% - var(--stk-column-gap,0px) * 2 \/ 3 ) !important}}<\/style><div class=\"stk-column-wrapper stk-block-column__content stk-container stk-7ec7140-container stk--no-background stk--no-padding\"><div class=\"stk-block-content stk-inner-blocks stk-7ec7140-inner-blocks\"><\/div><\/div><\/div>\n<\/div><\/div>\n\n\n\n<div class=\"wp-block-stackable-columns stk-block-columns stk-block stk-6331f78\" data-block-id=\"6331f78\"><div class=\"stk-row stk-inner-blocks stk-block-content stk-content-align stk-6331f78-column\">\n<div class=\"wp-block-stackable-column stk-block-column stk-column stk-block stk-76143fc\" data-v=\"4\" data-block-id=\"76143fc\"><div class=\"stk-column-wrapper stk-block-column__content stk-container stk-76143fc-container stk--no-background stk--no-padding\"><div class=\"stk-block-content stk-inner-blocks stk-76143fc-inner-blocks\">\n<nav class=\"wp-block-stackable-table-of-contents stk-block-table-of-contents stk-block stk-d2acef9 stk-block-background\" data-block-id=\"d2acef9\"><style>.stk-d2acef9 li,.stk-d2acef9 ul li a,.stk-d2acef9 ol li a{color:var(--theme-palette-color-8,#ffffff) !important}.stk-d2acef9:hover li,.stk-d2acef9:hover ul li a,.stk-d2acef9:hover ol li a{color:var(--theme-palette-color-2,#1E98F5) !important}.stk-d2acef9 .stk-table-of-contents__title{font-size:35px !important;color:var(--theme-palette-color-8,#ffffff) !important;font-weight:bold !important;font-family:\"Abhaya Libre\",Sans-serif !important}.stk-d2acef9{background-color:var(--theme-palette-color-4,#001423) !important;border-top-left-radius:15px !important;border-top-right-radius:15px !important;border-bottom-right-radius:15px !important;border-bottom-left-radius:15px !important;overflow:hidden !important;border-style:solid !important;border-color:var(--theme-palette-color-2,#1E98F5) !important;border-top-width:3px !important;border-right-width:3px !important;border-bottom-width:3px !important;border-left-width:3px !important;padding-top:55px !important;padding-right:55px !important;padding-bottom:55px !important;padding-left:55px !important}.stk-d2acef9:before{background-color:var(--theme-palette-color-4,#001423) !important}.stk-d2acef9 ol{list-style-type:upper-roman !important}@media screen and (max-width:1023px){.stk-d2acef9 .stk-table-of-contents__title{font-size:35px !important}.stk-d2acef9{padding-top:40px !important;padding-right:40px !important;padding-bottom:40px !important;padding-left:40px !important}}@media screen and (max-width:767px){.stk-d2acef9{padding-top:35px !important;padding-right:35px !important;padding-bottom:35px !important;padding-left:35px !important}}<\/style><p class=\"stk-table-of-contents__title has-text-color\">Inhaltsverzeichnis<\/p><ol class=\"stk-table-of-contents__table has-text-color\"><li><a href=\"#what-is-casino-planet-casino-cashback\">Was ist Casino Planet Casino Cashback?<\/a><\/li><li><a href=\"#how-does-casino-cashback-work\">Wie funktioniert Casino-Cashback?<\/a><\/li><li><a href=\"#types-of-cashback-offers-at-casino-planet\">Arten von Cashback-Angeboten bei Casino Planet<\/a><\/li><li><a href=\"#how-to-claim-casino-cashback\">Fordern Sie also Casino-Cashback an<\/a><\/li><li><a href=\"#terms-and-conditions-of-casino-cashback\">Allgemeine Gesch\u00e4ftsbedingungen f\u00fcr Casino Cashback<\/a><\/li><li><a href=\"#tips-to-maximize-your-cashback-rewards\">Tipps zur Maximierung Ihrer Cashback-Pr\u00e4mien<\/a><\/li><li><a href=\"#conclusion\">Abschluss<\/a><\/li><li><a href=\"#fa-qs\">FAQs<\/a><\/li><\/ol><\/nav>\n<\/div><\/div><\/div>\n<\/div><\/div>\n\n\n\n<p>Willkommen bei Casino Planet, wo wir daran glauben, unsere Spieler bei jedem Schritt zu belohnen. Unsere Mission ist es, Ihnen das ultimative Spielerlebnis mit spannenden Spielen, gro\u00dfz\u00fcgigen Boni und aufregenden Werbeaktionen zu bieten. In diesem Leitfaden stelle ich Ihnen die Cashback-Angebote von Casino Planet vor, die Ihnen eine zweite Gewinnchance geben sollen, auch wenn das Gl\u00fcck nicht auf Ihrer Seite ist.<\/p>\n\n\n\n<h2 class=\"wp-block-heading\" id=\"what-is-casino-planet-casino-cashback\"><strong>Was ist Casino Planet Casino Cashback?<\/strong><\/h2>\n\n\n\n<figure class=\"wp-block-image aligncenter size-large is-resized\"><img loading=\"lazy\" decoding=\"async\" width=\"1024\" height=\"538\" src=\"https:\/\/casinoplanet.com\/wp-content\/uploads\/sites\/2\/2024\/03\/Cashback-1024x538.webp\" alt=\"Cashback\" class=\"wp-image-3732\" style=\"width:660px;height:auto\" srcset=\"https:\/\/casinoplanet.com\/de\/wp-content\/uploads\/sites\/2\/2024\/03\/Cashback-1024x538.webp 1024w, https:\/\/casinoplanet.com\/de\/wp-content\/uploads\/sites\/2\/2024\/03\/Cashback-300x158.webp 300w, https:\/\/casinoplanet.com\/de\/wp-content\/uploads\/sites\/2\/2024\/03\/Cashback-768x403.webp 768w, https:\/\/casinoplanet.com\/de\/wp-content\/uploads\/sites\/2\/2024\/03\/Cashback-1536x806.webp 1536w, https:\/\/casinoplanet.com\/de\/wp-content\/uploads\/sites\/2\/2024\/03\/Cashback.webp 1600w\" sizes=\"(max-width: 1024px) 100vw, 1024px\" \/><\/figure>\n\n\n\n<p>Die Cashback-Angebote von Casino Planet sind darauf ausgelegt, Ihnen einen Prozentsatz Ihrer Verluste als Bonus zur\u00fcckzuerstatten und Ihnen so ein Sicherheitsnetz w\u00e4hrend Ihrer Spielsitzungen zu bieten. Egal, ob Sie Spielautomaten, Tischspiele oder Live-Casinospiele spielen, unsere Cashback-Angebote stellen sicher, dass Sie immer etwas haben, auf das Sie zur\u00fcckgreifen k\u00f6nnen, auch wenn Sie den Jackpot nicht knacken.<\/p>\n\n\n\n<h2 class=\"wp-block-heading\" id=\"how-does-casino-cashback-work\"><strong>Wie funktioniert Casino-Cashback?<\/strong><\/h2>\n\n\n\n<p>Unsere Cashback-Angebote variieren hinsichtlich des Prozentsatzes der zur\u00fcckgegebenen Verluste und der H\u00e4ufigkeit der Auszahlungen. Einige Cashback-Aktionen sind m\u00f6glicherweise t\u00e4glich, w\u00f6chentlich oder monatlich verf\u00fcgbar, w\u00e4hrend andere m\u00f6glicherweise an bestimmte Spiele oder Ereignisse gebunden sind. Unabh\u00e4ngig von den Einzelheiten bleibt das Konzept dasselbe: Wenn Sie w\u00e4hrend des Aktionszeitraums Verluste erleiden, schreiben wir Ihrem Konto einen Prozentsatz dieser Verluste als Bonus gut.<\/p>\n\n\n\n<h2 class=\"wp-block-heading\" id=\"types-of-cashback-offers-at-casino-planet\"><strong>Arten von Cashback-Angeboten bei Casino Planet<\/strong><\/h2>\n\n\n\n<p>Bei Casino Planet bieten wir verschiedene Arten von Cashback-Angeboten an, um unterschiedlichen Vorlieben und Spielstilen gerecht zu werden:<\/p>\n\n\n\n<ol>\n<li><strong>T\u00e4gliches Cashback<\/strong>: Erhalten Sie jeden Tag einen Prozentsatz Ihrer Verluste zur\u00fcck und erhalten Sie so ein Sicherheitsnetz w\u00e4hrend Ihrer t\u00e4glichen Spielsitzungen.<\/li>\n\n\n\n<li><strong>W\u00f6chentliches Cashback<\/strong>: Genie\u00dfen Sie w\u00f6chentlich Cashback-Pr\u00e4mien, die Ihnen den n\u00f6tigen Energieschub geben, um gut in die neue Woche zu starten.<\/li>\n\n\n\n<li><strong>Monatlicher Cashback<\/strong>: Erhalten Sie am Ende jedes Monats Cashback-Boni, die es Ihnen erm\u00f6glichen, einen Teil Ihrer Verluste im Laufe des Monats auszugleichen.<\/li>\n\n\n\n<li><strong>Spielspezifisches Cashback<\/strong>: Profitieren Sie von Cashback-Angeboten, die an bestimmte Spiele oder Spielkategorien gebunden sind und sich beim Spielen Ihrer Lieblingstitel zus\u00e4tzlich sch\u00fctzen.<\/li>\n<\/ol>\n\n\n\n<h2 class=\"wp-block-heading\" id=\"how-to-claim-casino-cashback\">Fordern Sie also Casino-Cashback an<\/h2>\n\n\n\n<p>Das Einfordern Ihres Cashbacks bei Casino Planet ist schnell und einfach. So funktioniert das:<\/p>\n\n\n\n<ol>\n<li><strong>Opt-in<\/strong>:  Bei einigen Cashback-Aktionen m\u00fcssen Sie sich m\u00f6glicherweise anmelden, bevor Sie mit dem Spielen beginnen. \u00dcberpr\u00fcfen Sie unbedingt die Allgemeinen Gesch\u00e4ftsbedingungen der Aktion auf spezifische Anweisungen.<\/li>\n\n\n\n<li><strong>Spielen<\/strong>: Spielen Sie im Aktionszeitraum einfach wie gewohnt Ihre Lieblingsspiele.<\/li>\n\n\n\n<li><strong>Erhalten Sie Cashback<\/strong>: Sollten Ihnen w\u00e4hrend des Aktionszeitraums Verluste entstehen, schreiben wir Ihnen automatisch einen Prozentsatz dieser Verluste als Bonus auf Ihr Konto zur\u00fcck.<\/li>\n\n\n\n<li><strong><strong>Nutzen Sie Ihr Cashback<\/strong><\/strong>: Sobald Ihr Cashback-Bonus Ihrem Konto gutgeschrieben wurde, k\u00f6nnen Sie damit alle bei Casino Planet verf\u00fcgbaren Spiele spielen.<\/li>\n<\/ol>\n\n\n\n<h2 class=\"wp-block-heading\" id=\"terms-and-conditions-of-casino-cashback\"><strong>Allgemeine Gesch\u00e4ftsbedingungen f\u00fcr Casino Cashback<\/strong><\/h2>\n\n\n\n<p>Wie bei jeder Werbeaktion ist es wichtig, sich mit den Gesch\u00e4ftsbedingungen der Cashback-Angebote von Casino Planet vertraut zu machen. Zu den wichtigsten Begriffen, die Sie beachten sollten, geh\u00f6ren:<\/p>\n\n\n\n<ul>\n<li>Teilnahmekriterien: Cashback-Angebote stehen m\u00f6glicherweise allen Spielern zur Verf\u00fcgung oder sind auf bestimmte VIP-Stufen beschr\u00e4nkt.<\/li>\n\n\n\n<li>Umsatzbedingungen: Cashback-Boni k\u00f6nnen Umsatzbedingungen unterliegen, bevor sie ausgezahlt werden k\u00f6nnen.<\/li>\n\n\n\n<li>Maximale Bonusbetr\u00e4ge: Es kann eine Obergrenze f\u00fcr den Cashback-Betrag geben, den Sie im Rahmen einer bestimmten Aktion erhalten k\u00f6nnen.<\/li>\n<\/ul>\n\n\n\n<h2 class=\"wp-block-heading\" id=\"tips-to-maximize-your-cashback-rewards\"><strong>Tipps zur Maximierung Ihrer Cashback-Pr\u00e4mien<\/strong><\/h2>\n\n\n\n<p>Um die Cashback-Angebote von Casino Planet optimal zu nutzen, hier ein paar Tipps:<\/p>\n\n\n\n<ol>\n<li>Spielen Sie regelm\u00e4\u00dfig: Je mehr Sie spielen, desto mehr M\u00f6glichkeiten haben Sie, von Cashback-Pr\u00e4mien zu profitieren.<\/li>\n\n\n\n<li>Suchen Sie nach Werbeaktionen: Behalten Sie unsere Aktionsseite im Auge, um die neuesten Cashback-Angebote zu finden, und melden Sie sich f\u00fcr alle Werbeaktionen an, die Ihnen ins Auge fallen.<\/li>\n\n\n\n<li>Verwalten Sie Ihr Guthaben: W\u00e4hrend Cashback-Angebote ein Sicherheitsnetz bieten, ist es wichtig, verantwortungsbewusst zu spielen und nur so viel zu setzen, wie Sie es sich leisten k\u00f6nnen, zu verlieren.<\/li>\n<\/ol>\n\n\n\n<h2 class=\"wp-block-heading\" id=\"conclusion\">Abschluss<\/h2>\n\n\n\n<p>Bei Casino Planet sind unsere Cashback-Angebote nur eine von vielen M\u00f6glichkeiten, wie wir unsere Spieler f\u00fcr ihre Treue und Unterst\u00fctzung belohnen. Egal, ob Sie Gelegenheitsspieler oder High Roller sind, unsere Cashback-Aktionen sorgen daf\u00fcr, dass Sie auch bei Niederlagen immer etwas haben, auf das Sie zur\u00fcckgreifen k\u00f6nnen. Treten Sie uns noch heute bei und beginnen Sie, Ihre Gewinne mit den Cashback-Angeboten von Casino Planet zu maximieren.<\/p>\n\n\n\n<h2 class=\"wp-block-heading\" id=\"fa-qs\"><strong>FAQs<\/strong><\/h2>\n\n\n<div class=\"wp-block-rank-math-faq-block\">\n<div class=\"rank-math-faq-item\">\n<h3 class=\"rank-math-question\">Sind Cashback-Angebote f\u00fcr alle Spieler bei Casino Planet verf\u00fcgbar?<\/h3>\n<div class=\"rank-math-answer\">Cashback-Angebote stehen m\u00f6glicherweise allen Spielern zur Verf\u00fcgung oder sind auf bestimmte VIP-Stufen beschr\u00e4nkt. \u00dcberpr\u00fcfen Sie unbedingt die Teilnahmebedingungen der Aktion auf die Teilnahmekriterien.<\/div>\n<\/div>\n<div class=\"rank-math-faq-item\">\n<h3 class=\"rank-math-question\">Wie oft werden Cashback-Pr\u00e4mien meinem Konto gutgeschrieben?<\/h3>\n<div class=\"rank-math-answer\">Die H\u00e4ufigkeit der Cashback-Auszahlungen variiert je nach Aktion. Einige Angebote bieten m\u00f6glicherweise t\u00e4gliche, w\u00f6chentliche oder monatliche Cashback-Pr\u00e4mien.<\/div>\n<\/div>\n<div class=\"rank-math-faq-item\">\n<h3 class=\"rank-math-question\">Unterliegen Cashback-Boni Umsatzbedingungen?<\/h3>\n<div class=\"rank-math-answer\">Ja, Cashback-Boni k\u00f6nnen Umsatzbedingungen unterliegen, bevor sie ausgezahlt werden k\u00f6nnen. Genaue Einzelheiten finden Sie in den Gesch\u00e4ftsbedingungen der Aktion.<\/div>\n<\/div>\n<div class=\"rank-math-faq-item\">\n<h3 class=\"rank-math-question\">Kann ich meinen Cashback-Bonus verwenden, um ein beliebiges Spiel bei Casino Planet zu spielen?<\/h3>\n<div class=\"rank-math-answer\">Ja, sobald Ihr Cashback-Bonus Ihrem Konto gutgeschrieben wurde, k\u00f6nnen Sie damit alle bei Casino Planet verf\u00fcgbaren Spiele spielen.<\/div>\n<\/div>\n<\/div>","protected":false},"excerpt":{"rendered":"<style>  body {    font-family: 'Fira Sans', sans-serif;  }  .button-container3 {    display: flex;  }  .register-button3 {    padding: 10px 14px;    border: 2px solid transparent;    border-radius: 5px;    font-size: 16px;    cursor: pointer;    transition: border-color 0.3s, background-color 0.3s, color 0.3s;    margin-right: 10px;    width: 200px; \/* Adjust width as needed *\/    text-align: center;    font-weight: bold;    background-color: #2283E6; \/* Set a plain color background *\/    color: #FFF; \/* Default text color *\/    border: none;    text-decoration: none; \/* Removes default underline *\/}  .register-button3:hover {    border-color: #0000;    color: #000; \/* Change text color to black on hover *\/}  .hidden-text {    display: none; \/* CSS to hide the unwanted text *\/  }<\/style>\n<div class=\"button-container3\">  <a href=\"\/go\/\" class=\"register-button3\">     <span class=\"hidden-text\">[:en]:<\/span>     JETZT REGISTRIEREN  <\/a><\/div>\n","protected":false},"author":2,"featured_media":0,"parent":0,"menu_order":0,"comment_status":"closed","ping_status":"closed","template":"","meta":{"_themeisle_gutenberg_block_has_review":false,"footnotes":""},"blocksy_meta":[],"featured_image_urls":{"full":"","thumbnail":"","medium":"","medium_large":"","large":"","1536x1536":"","2048x2048":"","vegashero-thumb":"","mailpoet_newsletter_max":""},"post_excerpt_stackable":"<style>  body {    font-family: 'Fira Sans', sans-serif;  }  .button-container3 {    display: flex;  }  .register-button3 {    padding: 10px 14px;    border: 2px solid transparent;    border-radius: 5px;    font-size: 16px;    cursor: pointer;    transition: border-color 0.3s, background-color 0.3s, color 0.3s;    margin-right: 10px;    width: 200px; \/* Adjust width as needed *\/    text-align: center;    font-weight: bold;    background-color: #2283E6; \/* Set a plain color background *\/    color: #FFF; \/* Default text color *\/    border: none;    text-decoration: none; \/* Removes default underline *\/}  .register-button3:hover {    border-color: #0000;    color: #000; \/* Change text color to black on hover *\/}  .hidden-text {    display: none; \/* CSS to hide the unwanted text *\/  }<\/style>\n<div class=\"button-container3\">  <a href=\"\/go\/\" class=\"register-button3\">     <span class=\"hidden-text\">[:en]:<\/span>     JETZT REGISTRIEREN  <\/a><\/div>\n","category_list":"","author_info":{"name":"goldenzebra773","url":"https:\/\/casinoplanet.com\/de\/author\/goldenzebra773\/"},"comments_num":"0 comments","_links":{"self":[{"href":"https:\/\/casinoplanet.com\/de\/wp-json\/wp\/v2\/pages\/5259"}],"collection":[{"href":"https:\/\/casinoplanet.com\/de\/wp-json\/wp\/v2\/pages"}],"about":[{"href":"https:\/\/casinoplanet.com\/de\/wp-json\/wp\/v2\/types\/page"}],"author":[{"embeddable":true,"href":"https:\/\/casinoplanet.com\/de\/wp-json\/wp\/v2\/users\/2"}],"replies":[{"embeddable":true,"href":"https:\/\/casinoplanet.com\/de\/wp-json\/wp\/v2\/comments?post=5259"}],"version-history":[{"count":7,"href":"https:\/\/casinoplanet.com\/de\/wp-json\/wp\/v2\/pages\/5259\/revisions"}],"predecessor-version":[{"id":5301,"href":"https:\/\/casinoplanet.com\/de\/wp-json\/wp\/v2\/pages\/5259\/revisions\/5301"}],"wp:attachment":[{"href":"https:\/\/casinoplanet.com\/de\/wp-json\/wp\/v2\/media?parent=5259"}],"curies":[{"name":"wp","href":"https:\/\/api.w.org\/{rel}","templated":true}]}}