{"id":5258,"date":"2024-02-27T07:02:54","date_gmt":"2024-02-27T07:02:54","guid":{"rendered":"https:\/\/casinoplanet.com\/de\/?page_id=5258"},"modified":"2024-03-12T07:48:55","modified_gmt":"2024-03-12T07:48:55","slug":"neue-slots","status":"publish","type":"page","link":"https:\/\/casinoplanet.com\/de\/neue-slots\/","title":{"rendered":"Neue Slots"},"content":{"rendered":"\n<div class=\"wp-block-stackable-columns alignfull stk-block-columns stk-block stk-5873d73\" data-block-id=\"5873d73\"><style>.stk-5873d73 .stk--block-align-5873d73{align-items:center !important}.stk-5873d73{margin-bottom:60px !important}.stk-5873d73-column{--stk-column-gap:30px !important}@media screen and (max-width:1023px){.stk-5873d73{padding-right:30px !important;padding-left:30px !important}}@media screen and (max-width:767px){.stk-5873d73{padding-right:20px !important;padding-left:20px !important}}<\/style><div class=\"stk-row stk-inner-blocks stk--block-align-5873d73 stk-block-content stk-content-align stk-5873d73-column alignfull\">\n<div class=\"wp-block-stackable-column stk-block-column stk-column stk--hide-tablet stk--hide-mobile stk-block stk-6531ea2\" data-v=\"4\" data-block-id=\"6531ea2\"><style>@media screen and (min-width:768px){.stk-6531ea2{flex:1 1 calc(31% - var(--stk-column-gap,0px) * 2 \/ 3 ) !important}}<\/style><div class=\"stk-column-wrapper stk-block-column__content stk-container stk-6531ea2-container stk--no-background stk--no-padding\"><div class=\"stk-block-content stk-inner-blocks stk-6531ea2-inner-blocks\"><\/div><\/div><\/div>\n\n\n\n<div class=\"wp-block-stackable-column stk-block-column stk-column stk-block stk-54d84f0 stk-block-background\" data-v=\"4\" data-block-id=\"54d84f0\"><style>.stk-54d84f0-inner-blocks{justify-content:center !important}.stk-54d84f0{background-color:var(--theme-palette-color-4,#001423) !important;border-top-left-radius:12px !important;border-top-right-radius:12px !important;border-bottom-right-radius:12px !important;border-bottom-left-radius:12px !important;overflow:hidden !important;border-style:solid !important;border-color:var(--theme-palette-color-2,#1E98F5) !important;border-top-width:2px !important;border-right-width:2px !important;border-bottom-width:2px !important;border-left-width:2px !important}.stk-54d84f0:before{background-color:var(--theme-palette-color-4,#001423) !important}.stk-54d84f0-container{padding-top:50px !important;padding-bottom:50px !important}@media screen and (min-width:768px){.stk-54d84f0{flex:1 1 calc(38% - var(--stk-column-gap,0px) * 2 \/ 3 ) !important}}<\/style><div class=\"stk-column-wrapper stk-block-column__content stk-container stk-54d84f0-container stk--no-background stk--no-padding\"><div class=\"stk--column-flex stk-block-content stk-inner-blocks stk-54d84f0-inner-blocks\">\n<div class=\"wp-block-stackable-image aligncenter stk-block-image stk-block stk-f77131a\" data-block-id=\"f77131a\"><style>.stk-f77131a .stk-img-wrapper{width:45% !important}<\/style><figure><span class=\"stk-img-wrapper stk-image--shape-stretch\"><img loading=\"lazy\" decoding=\"async\" class=\"stk-img wp-image-1580\" src=\"https:\/\/casinoplanet.com\/wp-content\/uploads\/sites\/2\/2024\/02\/cp.png\" width=\"343\" height=\"104\" srcset=\"https:\/\/casinoplanet.com\/de\/wp-content\/uploads\/sites\/2\/2024\/02\/cp.png 343w, https:\/\/casinoplanet.com\/de\/wp-content\/uploads\/sites\/2\/2024\/02\/cp-300x91.png 300w\" sizes=\"(max-width: 343px) 100vw, 343px\" \/><\/span><\/figure><\/div>\n\n\n\n<div class=\"wp-block-stackable-heading stk-block-heading stk-block-heading--v2 stk-block stk-b4bcc09\" id=\"span-style-color-ffffff-class-stk-highlight-casino-planet-casino-und-wetten-2024-span\" data-block-id=\"b4bcc09\"><h5 class=\"stk-block-heading__text has-text-align-center\"><span style=\"color: #ffffff;\" class=\"stk-highlight\">Casino Planet Casino und Wetten 2024<\/span><\/h5><\/div>\n\n\n\n<div class=\"wp-block-stackable-text stk-block-text stk-block stk-6693a86\" data-block-id=\"6693a86\"><style>.stk-6693a86 .stk-block-text__text{font-size:32px !important;color:#ffffff !important;font-weight:900 !important}@media screen and (max-width:1023px){.stk-6693a86 .stk-block-text__text{font-size:32px !important}}<\/style><p class=\"stk-block-text__text has-text-color has-text-align-center\">100 % bis zu 500 \u20ac\/$ + 200 FS + 1 Bonuskrabbe<\/p><\/div>\n\n\n\n<div class=\"wp-block-stackable-button-group stk-block-button-group stk-block stk-8b157ef\" data-block-id=\"8b157ef\"><div class=\"stk-row stk-inner-blocks has-text-align-center has-text-align-center-tablet stk-block-content stk-button-group\">\n<div class=\"wp-block-stackable-button stk-block-button customb stk-block stk-7f69dac\" data-block-id=\"7f69dac\"><style>.stk-7f69dac{border-top-left-radius:10px !important;border-top-right-radius:10px !important;border-bottom-right-radius:10px !important;border-bottom-left-radius:10px !important;overflow:hidden !important}.stk-7f69dac .stk-button{padding-top:15px !important;padding-right:30px !important;padding-bottom:15px !important;padding-left:30px !important;background:linear-gradient(90deg,rgb(0,133,228) 0%,rgb(0,211,153) 68%,rgb(0,211,153) 100%) !important}.stk-7f69dac .stk-button__inner-text{font-size:20px !important;font-weight:700 !important;text-transform:uppercase !important}@media screen and (max-width:1023px){.stk-7f69dac .stk-button__inner-text{font-size:20px !important}}<\/style><a class=\"stk-link stk-button stk--hover-effect-darken\" href=\"\/go\"><span class=\"stk-button__inner-text\">Melden Sie sich an<\/span><\/a><\/div>\n<\/div><\/div>\n<\/div><\/div><\/div>\n\n\n\n<div class=\"wp-block-stackable-column stk-block-column stk-column stk--hide-tablet stk--hide-mobile stk-block stk-7ec7140\" data-v=\"4\" data-block-id=\"7ec7140\"><style>@media screen and (min-width:768px){.stk-7ec7140{flex:1 1 calc(31% - var(--stk-column-gap,0px) * 2 \/ 3 ) !important}}<\/style><div class=\"stk-column-wrapper stk-block-column__content stk-container stk-7ec7140-container stk--no-background stk--no-padding\"><div class=\"stk-block-content stk-inner-blocks stk-7ec7140-inner-blocks\"><\/div><\/div><\/div>\n<\/div><\/div>\n\n\n\n<div class=\"wp-block-stackable-columns stk-block-columns stk-block stk-6331f78\" data-block-id=\"6331f78\"><div class=\"stk-row stk-inner-blocks stk-block-content stk-content-align stk-6331f78-column\">\n<div class=\"wp-block-stackable-column stk-block-column stk-column stk-block stk-76143fc\" data-v=\"4\" data-block-id=\"76143fc\"><div class=\"stk-column-wrapper stk-block-column__content stk-container stk-76143fc-container stk--no-background stk--no-padding\"><div class=\"stk-block-content stk-inner-blocks stk-76143fc-inner-blocks\">\n<nav class=\"wp-block-stackable-table-of-contents stk-block-table-of-contents stk-block stk-d2acef9 stk-block-background\" data-block-id=\"d2acef9\"><style>.stk-d2acef9 li,.stk-d2acef9 ul li a,.stk-d2acef9 ol li a{color:var(--theme-palette-color-8,#ffffff) !important}.stk-d2acef9:hover li,.stk-d2acef9:hover ul li a,.stk-d2acef9:hover ol li a{color:var(--theme-palette-color-2,#1E98F5) !important}.stk-d2acef9 .stk-table-of-contents__title{font-size:35px !important;color:var(--theme-palette-color-8,#ffffff) !important;font-weight:bold !important;font-family:\"Abhaya Libre\",Sans-serif !important}.stk-d2acef9{background-color:var(--theme-palette-color-4,#001423) !important;border-top-left-radius:15px !important;border-top-right-radius:15px !important;border-bottom-right-radius:15px !important;border-bottom-left-radius:15px !important;overflow:hidden !important;border-style:solid !important;border-color:var(--theme-palette-color-2,#1E98F5) !important;border-top-width:3px !important;border-right-width:3px !important;border-bottom-width:3px !important;border-left-width:3px !important;padding-top:55px !important;padding-right:55px !important;padding-bottom:55px !important;padding-left:55px !important}.stk-d2acef9:before{background-color:var(--theme-palette-color-4,#001423) !important}.stk-d2acef9 ol{list-style-type:upper-roman !important}@media screen and (max-width:1023px){.stk-d2acef9 .stk-table-of-contents__title{font-size:35px !important}.stk-d2acef9{padding-top:40px !important;padding-right:40px !important;padding-bottom:40px !important;padding-left:40px !important}}@media screen and (max-width:767px){.stk-d2acef9{padding-top:35px !important;padding-right:35px !important;padding-bottom:35px !important;padding-left:35px !important}}<\/style><p class=\"stk-table-of-contents__title has-text-color\">Table of Contents<\/p><ol class=\"stk-table-of-contents__table has-text-color\"><li><a href=\"#why-play-new-slots-at-casino-planet\">Warum neue Spielautomaten im Casino Planet spielen?<\/a><\/li><li><a href=\"#top-new-slots-at-casino-planet\">Die besten neuen Spielautomaten bei Casino Planet<\/a><ol><li><a href=\"#star-quest-galactic-adventures\">Star Quest: Galaktische Abenteuer<\/a><\/li><li><a href=\"#legends-of-olympus-divine-fortune\">Legenden des Olymps: G\u00f6ttliches Gl\u00fcck<\/a><\/li><li><a href=\"#tales-of-the-arabian-nights-genies-fortune\">M\u00e4rchen aus Tausendundeiner Nacht: Genie&#8217;s Fortune<\/a><\/li><li><a href=\"#lost-city-of-atlantis-secrets-of-the-deep\">Lost City of Atlantis: Geheimnisse der Tiefe<\/a><\/li><\/ol><\/li><li><a href=\"#how-to-play-new-slots-at-casino-planet\">Wie man neue Spielautomaten bei Casino Planet spielt<\/a><\/li><li><a href=\"#how-to-choose-a-new-slot\">Wie w\u00e4hlt man einen neuen Spielautomaten aus?<\/a><\/li><li><a href=\"#conclusion\">Fazit<\/a><\/li><li><a href=\"#fa-qs\">FAQs<\/a><\/li><\/ol><\/nav>\n<\/div><\/div><\/div>\n<\/div><\/div>\n\n\n\n<p>Willkommen bei Casino Planet, wo die Aufregung nie aufh\u00f6rt und der Nervenkitzel neuer Entdeckungen auf Schritt und Tritt wartet! Als einer der f\u00fchrenden Online-Casino-Betreiber in Deutschland sind wir immer auf der Suche nach den neuesten und besten Spielautomaten, die wir in unsere hervorragende Sammlung aufnehmen k\u00f6nnen. In diesem Leitfaden stelle ich Ihnen einige der hei\u00dfesten neuen Spielautomaten vor, die bei Casino Planet erh\u00e4ltlich sind und die Ihr Spielerlebnis garantiert auf die n\u00e4chste Stufe heben werden.<\/p>\n\n\n\n<h2 class=\"wp-block-heading\" id=\"why-play-new-slots-at-casino-planet\"><strong>Warum neue Spielautomaten im Casino Planet spielen?<\/strong><\/h2>\n\n\n\n<figure class=\"wp-block-image aligncenter size-large is-resized\"><img loading=\"lazy\" decoding=\"async\" width=\"1024\" height=\"549\" src=\"https:\/\/casinoplanet.com\/wp-content\/uploads\/sites\/2\/2024\/03\/New-Slots-1024x549.jpeg\" alt=\" New Slots\" class=\"wp-image-4089\" style=\"width:740px;height:auto\" srcset=\"https:\/\/casinoplanet.com\/de\/wp-content\/uploads\/sites\/2\/2024\/03\/New-Slots-1024x549.jpeg 1024w, https:\/\/casinoplanet.com\/de\/wp-content\/uploads\/sites\/2\/2024\/03\/New-Slots-300x161.jpeg 300w, https:\/\/casinoplanet.com\/de\/wp-content\/uploads\/sites\/2\/2024\/03\/New-Slots-768x412.jpeg 768w, https:\/\/casinoplanet.com\/de\/wp-content\/uploads\/sites\/2\/2024\/03\/New-Slots.jpeg 1100w\" sizes=\"(max-width: 1024px) 100vw, 1024px\" \/><\/figure>\n\n\n\n<p>Wir bei Casino Planet sind bestrebt, unseren Spielern die neuesten Innovationen im Bereich der Spielautomaten zu bieten. Hier sind einige der aufregenden neuen Funktionen, auf die Sie sich freuen k\u00f6nnen:<\/p>\n\n\n\n<ol>\n<li><strong>Eindrucksvolle Themen:<\/strong> Unsere neuen Spielautomaten bieten faszinierende Themen, die Sie in aufregende Welten entf\u00fchren, von antiken Zivilisationen bis zu futuristischen Landschaften.<\/li>\n\n\n\n<li><strong>Interaktive Bonusrunden:<\/strong> Erleben Sie spannende <a href=\"\/bonuses\/\">Bonusrunden<\/a>, die interaktives Gameplay und die Chance auf gro\u00dfe Gewinne bieten.<\/li>\n\n\n\n<li><strong>Innovative Mechanismen:<\/strong> <a href=\"\/slot\/\">Entdecken Sie Spielautomaten<\/a> mit innovativen Mechanismen wie Cascading Reels, Expanding Wilds und mehrstufigen Bonusspielen f\u00fcr ein noch besseres Spielerlebnis.<\/li>\n\n\n\n<li><strong>Hochwertige Grafik und Sound:<\/strong> Genie\u00dfen Sie atemberaubende Grafiken und fesselnde Soundeffekte, die unsere neuen Spielautomaten auf Ihrem Bildschirm zum Leben erwecken.<\/li>\n\n\n\n<li><strong>Mobile Kompatibilit\u00e4t:<\/strong> Unsere neuen Spielautomaten sind f\u00fcr das Spielen auf dem Handy optimiert, so dass Sie auch unterwegs ein aufregendes Spielerlebnis genie\u00dfen k\u00f6nnen.<\/li>\n<\/ol>\n\n\n\n<h2 class=\"wp-block-heading\" id=\"top-new-slots-at-casino-planet\"><strong>Die besten neuen Spielautomaten bei Casino Planet<\/strong><\/h2>\n\n\n\n<p>Werfen wir nun einen genaueren Blick auf einige der hei\u00dfesten neuen Spielautomaten, die bei Casino Planet erh\u00e4ltlich sind:<\/p>\n\n\n\n<h3 class=\"wp-block-heading\" id=\"star-quest-galactic-adventures\"><strong>Star Quest: Galaktische Abenteuer<\/strong><\/h3>\n\n\n\n<p>Begeben Sie sich auf eine epische Weltraumreise mit Star Quest: Galactic Adventures, einem visuell atemberaubenden Spielautomaten mit futuristischen Funktionen und \u00fcberirdischen Boni. St\u00fcrzen Sie sich in den Kosmos und begegnen Sie au\u00dferirdischen Zivilisationen, w\u00e4hrend Sie die Walzen auf der Suche nach kosmischen Sch\u00e4tzen drehen.<\/p>\n\n\n\n<h3 class=\"wp-block-heading\" id=\"legends-of-olympus-divine-fortune\"><strong>Legenden des Olymps: G\u00f6ttliches Gl\u00fcck<\/strong><\/h3>\n\n\n\n<p>Tauchen Sie mit Legends of Olympus in das Reich der antiken griechischen Mythologie ein: G\u00f6ttliches Gl\u00fcck. Dieses fesselnde Automatenspiel entf\u00fchrt Sie in den Olymp, wo G\u00f6tter und Helden regieren. L\u00f6sen Sie g\u00f6ttliche Bonusfunktionen aus und entfesseln Sie die Macht der G\u00f6tter, w\u00e4hrend Sie legend\u00e4ren Gewinnen nachjagen.<\/p>\n\n\n\n<h3 class=\"wp-block-heading\" id=\"tales-of-the-arabian-nights-genies-fortune\"><strong>M\u00e4rchen aus Tausendundeiner Nacht: Genie&#8217;s Fortune<\/strong><\/h3>\n\n\n\n<p>Tauchen Sie mit Tales of the Arabian Nights in eine Welt der Verzauberung und Wunder ein: Genie&#8217;s Fortune. Vor der Kulisse eines belebten Basars zeigt dieses magische Automatenspiel Flaschengeister, fliegende Teppiche und andere ikonische Symbole der arabischen Folklore. Reiben Sie die magische Lampe und entfesseln Sie die Macht des Flaschengeistes, um verborgene Sch\u00e4tze freizulegen.<\/p>\n\n\n\n<h3 class=\"wp-block-heading\" id=\"lost-city-of-atlantis-secrets-of-the-deep\"><strong>Lost City of Atlantis: Geheimnisse der Tiefe<\/strong><\/h3>\n\n\n\n<p>Tauchen Sie in die Tiefen des Ozeans ein und entdecken Sie die Verlorene Stadt Atlantis: Die Geheimnisse der Tiefe. Dieses Wasserabenteuer nimmt Sie mit auf eine Reise, um die Geheimnisse der legend\u00e4ren versunkenen Stadt zu l\u00fcften, in der unermessliche Reicht\u00fcmer auf diejenigen warten, die mutig genug sind, ihre w\u00e4ssrigen Tiefen zu erkunden.<\/p>\n\n\n\n<h2 class=\"wp-block-heading\" id=\"how-to-play-new-slots-at-casino-planet\"><strong>Wie man neue Spielautomaten bei Casino Planet spielt<\/strong><\/h2>\n\n\n\n<p>Unsere neuen Spielautomaten zu spielen ist ganz einfach! Befolgen Sie einfach die folgenden Schritte, um mit dem Drehen und Gewinnen zu beginnen:<\/p>\n\n\n\n<ol>\n<li><strong>Registrieren Sie sich<\/strong>: Wenn Sie noch kein Mitglied sind, melden Sie sich f\u00fcr ein Konto bei Casino Planet an, um Zugang zu unserer umfangreichen Sammlung neuer Spielautomaten zu erhalten.<\/li>\n\n\n\n<li><strong>W\u00e4hlen Sie Ihr Spiel<\/strong>: Durchsuchen Sie unsere Auswahl an neuen Spielautomaten und w\u00e4hlen Sie das Spiel, das Ihnen gef\u00e4llt.<\/li>\n\n\n\n<li>Setzen<strong>Sie Ihren Einsatz<\/strong>: Legen Sie Ihren Wetteinsatz fest und passen Sie alle anderen Einstellungen nach Ihren W\u00fcnschen an.<\/li>\n\n\n\n<li><strong>Drehen Sie die Walzen<\/strong>: Dr\u00fccken Sie den Drehknopf und sehen Sie zu, wie die Walzen mit aufregenden Symbolen und Animationen zum Leben erwachen.<\/li>\n\n\n\n<li><strong>Bonusse ausl\u00f6sen<\/strong>: Halten Sie Ausschau nach speziellen Bonussymbolen und Funktionen, die zu gro\u00dfen Gewinnen f\u00fchren k\u00f6nnen!<\/li>\n<\/ol>\n\n\n\n<h2 class=\"wp-block-heading\" id=\"how-to-choose-a-new-slot\"><strong>Wie w\u00e4hlt man einen neuen Spielautomaten aus?<\/strong><\/h2>\n\n\n\n<p>Bei der gro\u00dfen Auswahl an neuen Spielautomaten kann es schwierig sein, das perfekte Spiel zu finden. Hier sind einige Tipps, die Ihnen helfen, die Auswahl einzugrenzen:<\/p>\n\n\n\n<ol>\n<li><strong>Thema:<\/strong> Ber\u00fccksichtigen Sie das Thema des Spielautomaten und w\u00e4hlen Sie einen, der Ihren Interessen entspricht. Egal, ob Sie ein Fan von Fantasie, Abenteuern oder klassischen Spielautomaten sind, bei Casino Planet finden Sie das richtige Spiel f\u00fcr Sie.<\/li>\n\n\n\n<li><strong>Funktionen:<\/strong> Achten Sie auf Spielautomaten mit Funktionen, die Ihr Spielerlebnis verbessern, z. B. Bonusrunden, Freispiele und Sondersymbole wie Joker und Streusymbole.<\/li>\n\n\n\n<li><strong>Volatilit\u00e4t:<\/strong> Achten Sie auf die Volatilit\u00e4t des Spielautomaten, d. h. die H\u00e4ufigkeit der Auszahlungen und die H\u00f6he der Auszahlungen. Spielautomaten mit hoher Volatilit\u00e4t bieten das Potenzial f\u00fcr gro\u00dfe Gewinne, sind aber risikoreicher, w\u00e4hrend Spielautomaten mit niedriger Volatilit\u00e4t h\u00e4ufigere, aber kleinere Gewinne bieten.<\/li>\n\n\n\n<li><strong>Rendite f\u00fcr den Spieler (RTP):<\/strong> Pr\u00fcfen Sie den RTP-Wert des Spielautomaten, der angibt, wie viel Prozent des eingesetzten Geldes im Laufe der Zeit an die Spieler zur\u00fcckgegeben wird. Suchen Sie nach Spielautomaten mit einem hohen RTP, um bessere Gewinnchancen zu haben.<\/li>\n\n\n\n<li><strong>Bewertungen und Empfehlungen:<\/strong> Lesen Sie Bewertungen und suchen Sie nach Empfehlungen von anderen Spielern, um beliebte neue Spielautomaten zu entdecken und herauszufinden, welche Funktionen sie genie\u00dfen.<\/li>\n<\/ol>\n\n\n\n<h2 class=\"wp-block-heading\" id=\"conclusion\"><strong>Fazit<\/strong><\/h2>\n\n\n\n<p>Mit einem st\u00e4ndig wachsenden Angebot an neuen Spielautomaten und einem un\u00fcbertroffenen Engagement f\u00fcr Qualit\u00e4t und Innovation ist Casino Planet Ihre ultimative Anlaufstelle f\u00fcr hochmoderne Spielerlebnisse. Melden Sie sich noch heute bei uns an und entdecken Sie den Nervenkitzel der neuesten und besten Spielautomaten, die Sie bequem von zu Hause aus spielen k\u00f6nnen.<\/p>\n\n\n\n<h2 class=\"wp-block-heading\" id=\"fa-qs\"><strong>FAQs<\/strong><\/h2>\n\n\n<div id=\"rank-math-faq\" class=\"rank-math-block\">\n<div class=\"rank-math-list \">\n<div id=\"faq-question-1710229707594\" class=\"rank-math-list-item\">\n<h3 class=\"rank-math-question \">Gibt es bei Casino Planet neue Spielautomaten zum kostenlosen Spielen?<\/h3>\n<div class=\"rank-math-answer \">\n\n<p>Ja, viele unserer neuen Spielautomaten k\u00f6nnen kostenlos im Demomodus gespielt werden, sodass Sie sie ausprobieren k\u00f6nnen, bevor Sie echtes Geld einsetzen.<\/p>\n\n<\/div>\n<\/div>\n<div id=\"faq-question-1710229712974\" class=\"rank-math-list-item\">\n<h3 class=\"rank-math-question \">Wie oft f\u00fcgen Sie Ihrer Sammlung neue Slots hinzu?<\/h3>\n<div class=\"rank-math-answer \">\n\n<p>Wir f\u00fcgen unserer Sammlung regelm\u00e4\u00dfig neue Slots hinzu. Schauen Sie also regelm\u00e4\u00dfig vorbei, um die neuesten Ver\u00f6ffentlichungen zu sehen.<\/p>\n\n<\/div>\n<\/div>\n<div id=\"faq-question-1710229719895\" class=\"rank-math-list-item\">\n<h3 class=\"rank-math-question \">Kann ich neue Slots auf meinem Mobilger\u00e4t spielen?<\/h3>\n<div class=\"rank-math-answer \">\n\n<p>Ja, unsere neuen Spielautomaten sind vollst\u00e4ndig f\u00fcr das mobile Spielen optimiert, sodass Sie sie \u00fcberall auf Ihrem Smartphone oder Tablet genie\u00dfen k\u00f6nnen.<\/p>\n\n<\/div>\n<\/div>\n<\/div>\n<\/div>","protected":false},"excerpt":{"rendered":"<style>  body {    font-family: 'Fira Sans', sans-serif;  }  .button-container3 {    display: flex;  }  .register-button3 {    padding: 10px 14px;    border: 2px solid transparent;    border-radius: 5px;    font-size: 16px;    cursor: pointer;    transition: border-color 0.3s, background-color 0.3s, color 0.3s;    margin-right: 10px;    width: 200px; \/* Adjust width as needed *\/    text-align: center;    font-weight: bold;    background-color: #2283E6; \/* Set a plain color background *\/    color: #FFF; \/* Default text color *\/    border: none;    text-decoration: none; \/* Removes default underline *\/}  .register-button3:hover {    border-color: #0000;    color: #000; \/* Change text color to black on hover *\/}  .hidden-text {    display: none; \/* CSS to hide the unwanted text *\/  }<\/style>\n<div class=\"button-container3\">  <a href=\"\/go\/\" class=\"register-button3\">     <span class=\"hidden-text\">[:en]:<\/span>     JETZT REGISTRIEREN  <\/a><\/div>\n","protected":false},"author":2,"featured_media":0,"parent":0,"menu_order":0,"comment_status":"closed","ping_status":"closed","template":"","meta":{"_themeisle_gutenberg_block_has_review":false,"footnotes":""},"blocksy_meta":[],"featured_image_urls":{"full":"","thumbnail":"","medium":"","medium_large":"","large":"","1536x1536":"","2048x2048":"","vegashero-thumb":"","mailpoet_newsletter_max":""},"post_excerpt_stackable":"<style>  body {    font-family: 'Fira Sans', sans-serif;  }  .button-container3 {    display: flex;  }  .register-button3 {    padding: 10px 14px;    border: 2px solid transparent;    border-radius: 5px;    font-size: 16px;    cursor: pointer;    transition: border-color 0.3s, background-color 0.3s, color 0.3s;    margin-right: 10px;    width: 200px; \/* Adjust width as needed *\/    text-align: center;    font-weight: bold;    background-color: #2283E6; \/* Set a plain color background *\/    color: #FFF; \/* Default text color *\/    border: none;    text-decoration: none; \/* Removes default underline *\/}  .register-button3:hover {    border-color: #0000;    color: #000; \/* Change text color to black on hover *\/}  .hidden-text {    display: none; \/* CSS to hide the unwanted text *\/  }<\/style>\n<div class=\"button-container3\">  <a href=\"\/go\/\" class=\"register-button3\">     <span class=\"hidden-text\">[:en]:<\/span>     JETZT REGISTRIEREN  <\/a><\/div>\n","category_list":"","author_info":{"name":"goldenzebra773","url":"https:\/\/casinoplanet.com\/de\/author\/goldenzebra773\/"},"comments_num":"0 comments","_links":{"self":[{"href":"https:\/\/casinoplanet.com\/de\/wp-json\/wp\/v2\/pages\/5258"}],"collection":[{"href":"https:\/\/casinoplanet.com\/de\/wp-json\/wp\/v2\/pages"}],"about":[{"href":"https:\/\/casinoplanet.com\/de\/wp-json\/wp\/v2\/types\/page"}],"author":[{"embeddable":true,"href":"https:\/\/casinoplanet.com\/de\/wp-json\/wp\/v2\/users\/2"}],"replies":[{"embeddable":true,"href":"https:\/\/casinoplanet.com\/de\/wp-json\/wp\/v2\/comments?post=5258"}],"version-history":[{"count":4,"href":"https:\/\/casinoplanet.com\/de\/wp-json\/wp\/v2\/pages\/5258\/revisions"}],"predecessor-version":[{"id":5355,"href":"https:\/\/casinoplanet.com\/de\/wp-json\/wp\/v2\/pages\/5258\/revisions\/5355"}],"wp:attachment":[{"href":"https:\/\/casinoplanet.com\/de\/wp-json\/wp\/v2\/media?parent=5258"}],"curies":[{"name":"wp","href":"https:\/\/api.w.org\/{rel}","templated":true}]}}