{"id":5253,"date":"2024-02-27T07:15:35","date_gmt":"2024-02-27T07:15:35","guid":{"rendered":"https:\/\/casinoplanet.com\/de\/?page_id=5253"},"modified":"2024-03-13T07:35:24","modified_gmt":"2024-03-13T07:35:24","slug":"slot","status":"publish","type":"page","link":"https:\/\/casinoplanet.com\/de\/slot\/","title":{"rendered":"Spielautomaten"},"content":{"rendered":"\n<div class=\"wp-block-stackable-columns alignfull stk-block-columns stk-block stk-5873d73\" data-block-id=\"5873d73\"><style>.stk-5873d73 .stk--block-align-5873d73{align-items:center !important}.stk-5873d73{margin-bottom:60px !important}.stk-5873d73-column{--stk-column-gap:30px !important}@media screen and (max-width:1023px){.stk-5873d73{padding-right:30px !important;padding-left:30px !important}}@media screen and (max-width:767px){.stk-5873d73{padding-right:20px !important;padding-left:20px !important}}<\/style><div class=\"stk-row stk-inner-blocks stk--block-align-5873d73 stk-block-content stk-content-align stk-5873d73-column alignfull\">\n<div class=\"wp-block-stackable-column stk-block-column stk-column stk--hide-tablet stk--hide-mobile stk-block stk-6531ea2\" data-v=\"4\" data-block-id=\"6531ea2\"><style>@media screen and (min-width:768px){.stk-6531ea2{flex:1 1 calc(31% - var(--stk-column-gap,0px) * 2 \/ 3 ) !important}}<\/style><div class=\"stk-column-wrapper stk-block-column__content stk-container stk-6531ea2-container stk--no-background stk--no-padding\"><div class=\"stk-block-content stk-inner-blocks stk-6531ea2-inner-blocks\"><\/div><\/div><\/div>\n\n\n\n<div class=\"wp-block-stackable-column stk-block-column stk-column stk-block stk-54d84f0 stk-block-background\" data-v=\"4\" data-block-id=\"54d84f0\"><style>.stk-54d84f0-inner-blocks{justify-content:center !important}.stk-54d84f0{background-color:var(--theme-palette-color-4,#001423) !important;border-top-left-radius:12px !important;border-top-right-radius:12px !important;border-bottom-right-radius:12px !important;border-bottom-left-radius:12px !important;overflow:hidden !important;border-style:solid !important;border-color:var(--theme-palette-color-2,#1E98F5) !important;border-top-width:2px !important;border-right-width:2px !important;border-bottom-width:2px !important;border-left-width:2px !important}.stk-54d84f0:before{background-color:var(--theme-palette-color-4,#001423) !important}.stk-54d84f0-container{padding-top:50px !important;padding-bottom:50px !important}@media screen and (min-width:768px){.stk-54d84f0{flex:1 1 calc(38% - var(--stk-column-gap,0px) * 2 \/ 3 ) !important}}<\/style><div class=\"stk-column-wrapper stk-block-column__content stk-container stk-54d84f0-container stk--no-background stk--no-padding\"><div class=\"stk--column-flex stk-block-content stk-inner-blocks stk-54d84f0-inner-blocks\">\n<div class=\"wp-block-stackable-image aligncenter stk-block-image stk-block stk-f77131a\" data-block-id=\"f77131a\"><style>.stk-f77131a .stk-img-wrapper{width:45% !important}<\/style><figure><span class=\"stk-img-wrapper stk-image--shape-stretch\"><img loading=\"lazy\" decoding=\"async\" class=\"stk-img wp-image-1580\" src=\"https:\/\/casinoplanet.com\/wp-content\/uploads\/sites\/2\/2024\/02\/cp.png\" width=\"343\" height=\"104\" srcset=\"https:\/\/casinoplanet.com\/de\/wp-content\/uploads\/sites\/2\/2024\/02\/cp.png 343w, https:\/\/casinoplanet.com\/de\/wp-content\/uploads\/sites\/2\/2024\/02\/cp-300x91.png 300w\" sizes=\"(max-width: 343px) 100vw, 343px\" \/><\/span><\/figure><\/div>\n\n\n\n<div class=\"wp-block-stackable-heading stk-block-heading stk-block-heading--v2 stk-block stk-b4bcc09\" id=\"span-style-color-ffffff-class-stk-highlight-casino-planet-casino-und-wetten-2024-span\" data-block-id=\"b4bcc09\"><h5 class=\"stk-block-heading__text has-text-align-center\"><span style=\"color: #ffffff;\" class=\"stk-highlight\">Casino Planet Casino und Wetten 2024<\/span><\/h5><\/div>\n\n\n\n<div class=\"wp-block-stackable-text stk-block-text stk-block stk-6693a86\" data-block-id=\"6693a86\"><style>.stk-6693a86 .stk-block-text__text{font-size:32px !important;color:#ffffff !important;font-weight:900 !important}@media screen and (max-width:1023px){.stk-6693a86 .stk-block-text__text{font-size:32px !important}}<\/style><p class=\"stk-block-text__text has-text-color has-text-align-center\">100 % bis zu 500 \u20ac\/$ + 200 FS + 1 Bonuskrabbe<\/p><\/div>\n\n\n\n<div class=\"wp-block-stackable-button-group stk-block-button-group stk-block stk-8b157ef\" data-block-id=\"8b157ef\"><div class=\"stk-row stk-inner-blocks has-text-align-center has-text-align-center-tablet stk-block-content stk-button-group\">\n<div class=\"wp-block-stackable-button stk-block-button customb stk-block stk-7f69dac\" data-block-id=\"7f69dac\"><style>.stk-7f69dac{border-top-left-radius:10px !important;border-top-right-radius:10px !important;border-bottom-right-radius:10px !important;border-bottom-left-radius:10px !important;overflow:hidden !important}.stk-7f69dac .stk-button{padding-top:15px !important;padding-right:30px !important;padding-bottom:15px !important;padding-left:30px !important;background:linear-gradient(90deg,rgb(0,133,228) 0%,rgb(0,211,153) 68%,rgb(0,211,153) 100%) !important}.stk-7f69dac .stk-button__inner-text{font-size:20px !important;font-weight:700 !important;text-transform:uppercase !important}@media screen and (max-width:1023px){.stk-7f69dac .stk-button__inner-text{font-size:20px !important}}<\/style><a class=\"stk-link stk-button stk--hover-effect-darken\" href=\"\/go\"><span class=\"stk-button__inner-text\">Melden Sie sich an<\/span><\/a><\/div>\n<\/div><\/div>\n<\/div><\/div><\/div>\n\n\n\n<div class=\"wp-block-stackable-column stk-block-column stk-column stk--hide-tablet stk--hide-mobile stk-block stk-7ec7140\" data-v=\"4\" data-block-id=\"7ec7140\"><style>@media screen and (min-width:768px){.stk-7ec7140{flex:1 1 calc(31% - var(--stk-column-gap,0px) * 2 \/ 3 ) !important}}<\/style><div class=\"stk-column-wrapper stk-block-column__content stk-container stk-7ec7140-container stk--no-background stk--no-padding\"><div class=\"stk-block-content stk-inner-blocks stk-7ec7140-inner-blocks\"><\/div><\/div><\/div>\n<\/div><\/div>\n\n\n\n<div class=\"wp-block-stackable-columns stk-block-columns stk-block stk-6331f78\" data-block-id=\"6331f78\"><div class=\"stk-row stk-inner-blocks stk-block-content stk-content-align stk-6331f78-column\">\n<div class=\"wp-block-stackable-column stk-block-column stk-column stk-block stk-76143fc\" data-v=\"4\" data-block-id=\"76143fc\"><div class=\"stk-column-wrapper stk-block-column__content stk-container stk-76143fc-container stk--no-background stk--no-padding\"><div class=\"stk-block-content stk-inner-blocks stk-76143fc-inner-blocks\">\n<nav class=\"wp-block-stackable-table-of-contents stk-block-table-of-contents stk-block stk-d2acef9 stk-block-background\" data-block-id=\"d2acef9\"><style>.stk-d2acef9 li,.stk-d2acef9 ul li a,.stk-d2acef9 ol li a{color:var(--theme-palette-color-8,#ffffff) !important}.stk-d2acef9:hover li,.stk-d2acef9:hover ul li a,.stk-d2acef9:hover ol li a{color:var(--theme-palette-color-2,#1E98F5) !important}.stk-d2acef9 .stk-table-of-contents__title{font-size:35px !important;color:var(--theme-palette-color-8,#ffffff) !important;font-weight:bold !important;font-family:\"Abhaya Libre\",Sans-serif !important}.stk-d2acef9{background-color:var(--theme-palette-color-4,#001423) !important;border-top-left-radius:15px !important;border-top-right-radius:15px !important;border-bottom-right-radius:15px !important;border-bottom-left-radius:15px !important;overflow:hidden !important;border-style:solid !important;border-color:var(--theme-palette-color-2,#1E98F5) !important;border-top-width:3px !important;border-right-width:3px !important;border-bottom-width:3px !important;border-left-width:3px !important;padding-top:55px !important;padding-right:55px !important;padding-bottom:55px !important;padding-left:55px !important}.stk-d2acef9:before{background-color:var(--theme-palette-color-4,#001423) !important}.stk-d2acef9 ol{list-style-type:upper-roman !important}@media screen and (max-width:1023px){.stk-d2acef9 .stk-table-of-contents__title{font-size:35px !important}.stk-d2acef9{padding-top:40px !important;padding-right:40px !important;padding-bottom:40px !important;padding-left:40px !important}}@media screen and (max-width:767px){.stk-d2acef9{padding-top:35px !important;padding-right:35px !important;padding-bottom:35px !important;padding-left:35px !important}}<\/style><p class=\"stk-table-of-contents__title has-text-color\">Table of Contents<\/p><ol class=\"stk-table-of-contents__table has-text-color\"><li><a href=\"#how-to-play-online-slot-machines-at-casinoplanet\">Wie man Online-Spielautomaten bei Casinoplanet spielt<\/a><\/li><li><a href=\"#how-online-slot-machines-work\">Wie Online-Spielautomaten funktionieren<\/a><\/li><li><a href=\"#online-slot-terms-and-features\">Begriffe und Funktionen von Online-Slots<\/a><ol><li><a href=\"#wild-symbol\">Wild-Symbol<\/a><\/li><li><a href=\"#scatter-symbol\">Scatter-Symbol<\/a><\/li><li><a href=\"#multiplier\">Multiplikator<\/a><\/li><li><a href=\"#bonus-round\">Bonusrunde<\/a><\/li><li><a href=\"#free-spins\">Freispiele<\/a><\/li><\/ol><\/li><li><a href=\"#what-are-the-slot-categories-available\">Welche Slot-Kategorien gibt es?<\/a><\/li><li><a href=\"#play-slots-online-for-free-at-casinoplanet-casino\">Spielen Sie online kostenlos Spielautomaten im Casinoplanet Casino<\/a><\/li><li><a href=\"#play-online-slots-for-real-money-at-casinoplanet\">Spielen Sie Online-Slots um echtes Geld bei Casinoplanet<\/a><\/li><li><a href=\"#conclusion\">Fazit<\/a><\/li><li><a href=\"#fa-qs\">FAQs<\/a><\/li><\/ol><\/nav>\n<\/div><\/div><\/div>\n<\/div><\/div>\n\n\n\n<p>Willkommen bei Casinoplanet, Ihrem zentralen Anlaufpunkt f\u00fcr ein unvergleichliches Spielerlebnis! Tauchen Sie ein in die Aufregung unserer Online-Spielautomaten, bei denen jeder Dreh zu astronomischen Gewinnen f\u00fchren kann. In diesem Leitfaden nehme ich Sie mit auf eine Reise durch den Kosmos der Online-Spielautomaten, von der Spielweise \u00fcber die verschiedenen Kategorien bis hin zu allem, was dazwischen liegt.<\/p>\n\n\n\n<h2 class=\"wp-block-heading\" id=\"how-to-play-online-slot-machines-at-casinoplanet\"><strong>Wie man Online-Spielautomaten bei Casinoplanet spielt<\/strong><\/h2>\n\n\n\n<figure class=\"wp-block-image aligncenter size-large is-resized\"><img loading=\"lazy\" decoding=\"async\" width=\"1024\" height=\"549\" src=\"https:\/\/casinoplanet.com\/wp-content\/uploads\/sites\/2\/2024\/03\/New-Slots-1024x549.jpeg\" alt=\"New Slots\" class=\"wp-image-4089\" style=\"width:802px;height:auto\" srcset=\"https:\/\/casinoplanet.com\/de\/wp-content\/uploads\/sites\/2\/2024\/03\/New-Slots-1024x549.jpeg 1024w, https:\/\/casinoplanet.com\/de\/wp-content\/uploads\/sites\/2\/2024\/03\/New-Slots-300x161.jpeg 300w, https:\/\/casinoplanet.com\/de\/wp-content\/uploads\/sites\/2\/2024\/03\/New-Slots-768x412.jpeg 768w, https:\/\/casinoplanet.com\/de\/wp-content\/uploads\/sites\/2\/2024\/03\/New-Slots.jpeg 1100w\" sizes=\"(max-width: 1024px) 100vw, 1024px\" \/><\/figure>\n\n\n\n<p>Das Spielen von Online-Spielautomaten bei <a href=\"\/\">Casinoplanet<\/a> ist ein Kinderspiel, auch f\u00fcr Anf\u00e4nger. Befolgen Sie diese einfachen Schritte, um mit dem Drehen und Gewinnen zu beginnen:<\/p>\n\n\n\n<ol>\n<li><strong>W\u00e4hlen Sie Ihr Spiel<\/strong>: St\u00f6bern Sie in unserer umfangreichen Sammlung von Online-Spielautomaten und w\u00e4hlen Sie das Spiel aus, das Ihnen am meisten zusagt. Mit Themen, die von antiken Zivilisationen bis hin zu futuristischen Abenteuern reichen, ist f\u00fcr jeden Geschmack etwas dabei.<\/li>\n\n\n\n<li>Legen Sie<strong>Ihren Einsatz fest<\/strong>: Bevor Sie die Walzen drehen, passen Sie die H\u00f6he Ihres Einsatzes an Ihr Budget an. Verwenden Sie die Schaltfl\u00e4chen f\u00fcr den M\u00fcnzwert und die Einsatzebene, um Ihren Einsatz pro Drehung festzulegen.<\/li>\n\n\n\n<li>Drehen<strong>Sie die Wal<\/strong>zen: Sobald Sie Ihren Einsatz festgelegt haben, ist es Zeit, die Walzen zu drehen! Klicken Sie auf die Schaltfl\u00e4che &#8220;Drehen&#8221; und sehen Sie zu, wie die Symbole an ihren Platz purzeln. Wenn Sie Gl\u00fcck haben, k\u00f6nnen Sie die Autoplay-Funktion nutzen, um das Spiel automatisch f\u00fcr eine bestimmte Anzahl von Runden drehen zu lassen.<\/li>\n\n\n\n<li>Behalten Sie<strong>die Sonderfunktionen<\/strong> im Auge: Viele Online-Spielautomaten verf\u00fcgen \u00fcber besondere Funktionen wie Jokersymbole, Streusymbole und Bonusrunden. Diese Funktionen k\u00f6nnen Ihnen zu gr\u00f6\u00dferen Gewinnen verhelfen und das Spiel noch aufregender machen.<\/li>\n\n\n\n<li><strong>Feiern Sie Ihre Gewinne<\/strong>: Wenn Sie das Gl\u00fcck haben, eine Gewinnkombination zu erzielen, feiern Sie Ihren Sieg, w\u00e4hrend die M\u00fcnzen herunterregnen. Ihre Gewinne werden automatisch zu Ihrem Guthaben hinzugef\u00fcgt und Sie k\u00f6nnen sie auszahlen lassen oder weiterspielen.<\/li>\n<\/ol>\n\n\n\n<h2 class=\"wp-block-heading\" id=\"how-online-slot-machines-work\"><strong>Wie Online-Spielautomaten funktionieren<\/strong><\/h2>\n\n\n\n<p>Online-Spielautomaten verwenden Zufallszahlengeneratoren (RNGs), um bei jeder Drehung faire und unvoreingenommene Ergebnisse zu gew\u00e4hrleisten. Das bedeutet, dass das Ergebnis jeder Drehung v\u00f6llig zuf\u00e4llig ist und nicht durch externe Faktoren beeinflusst werden kann. Egal, ob Sie ein erfahrener Spieler oder ein Neuling in der Welt der Online-Spielautomaten sind, Sie k\u00f6nnen sicher sein, dass Sie bei jedem Dreh eine faire Chance auf einen Gewinn haben.<\/p>\n\n\n\n<h2 class=\"wp-block-heading\" id=\"online-slot-terms-and-features\"><strong>Begriffe und Funktionen von Online-Slots<\/strong><\/h2>\n\n\n\n<p>W\u00e4hrend Sie die Galaxie der Online-Slots bei Casinoplanet erkunden, werden Sie auf eine Vielzahl von Begriffen und Funktionen sto\u00dfen, die das Spielerlebnis verbessern. Hier sind einige g\u00e4ngige Begriffe, die Sie kennen sollten:<\/p>\n\n\n\n<h3 class=\"wp-block-heading\" id=\"wild-symbol\"><strong>Wild-Symbol<\/strong><\/h3>\n\n\n\n<p>Ein spezielles Symbol, das andere Symbole ersetzen kann, um Gewinnkombinationen zu bilden.<\/p>\n\n\n\n<h3 class=\"wp-block-heading\" id=\"scatter-symbol\"><strong>Scatter-Symbol<\/strong><\/h3>\n\n\n\n<p>Ein Symbol, das unabh\u00e4ngig von seiner Position auf den Walzen Bonusrunden oder Gratisdrehs ausl\u00f6sen kann.<\/p>\n\n\n\n<h3 class=\"wp-block-heading\" id=\"multiplier\"><strong>Multiplikator<\/strong><\/h3>\n\n\n\n<p>Eine Funktion, die Ihre Gewinne mit einem bestimmten Faktor multipliziert und so Ihre Auszahlung erh\u00f6ht.<\/p>\n\n\n\n<h3 class=\"wp-block-heading\" id=\"bonus-round\"><strong>Bonusrunde<\/strong><\/h3>\n\n\n\n<p>Ein zus\u00e4tzlicher Spielmodus, der durch die Landung bestimmter Symbole ausgel\u00f6st wird und die Chance auf zus\u00e4tzliche Preise bietet.<\/p>\n\n\n\n<h3 class=\"wp-block-heading\" id=\"free-spins\"><strong>Freispiele<\/strong><\/h3>\n\n\n\n<p>Eine Bonusfunktion, bei der Sie eine bestimmte Anzahl von Freispielen erhalten, ohne dass Sie Guthaben einsetzen m\u00fcssen.<\/p>\n\n\n\n<p>Wenn Sie diese Begriffe und Funktionen verstehen, k\u00f6nnen Sie das Beste aus Ihrem Online-Slot-Erlebnis machen und Ihre Gewinnchancen maximieren.<\/p>\n\n\n\n<h2 class=\"wp-block-heading\" id=\"what-are-the-slot-categories-available\"><strong>Welche Slot-Kategorien gibt es?<\/strong><\/h2>\n\n\n\n<p>Bei Casinoplanet bieten wir eine vielf\u00e4ltige Auswahl an Spielautomatenkategorien an, die f\u00fcr jeden Geschmack etwas bereith\u00e4lt. Egal, ob Sie ein Fan klassischer Spielautomaten oder moderner Video-Slots sind, Sie werden etwas finden, das Ihrem Stil entspricht. Hier sind einige der verf\u00fcgbaren Slot-Kategorien:<\/p>\n\n\n\n<ul>\n<li><strong>Klassische Spielautomaten<\/strong>: Mit ihrem einfachen Spielprinzip und nostalgischen Symbolen wie Fr\u00fcchten und Glocken sind klassische Spielautomaten perfekt f\u00fcr Spieler, die ein traditionelles Spielerlebnis genie\u00dfen.<\/li>\n\n\n\n<li><strong>Video-Spielautomaten<\/strong>: Mit atemberaubenden Grafiken, fesselnden Soundeffekten und <a href=\"\/bonuses\/\">aufregenden Bonusfunktionen<\/a> heben Video-Spielautomaten das Online-Gl\u00fccksspiel auf die n\u00e4chste Stufe.<\/li>\n\n\n\n<li><strong>Progressive Jackpot-Slots<\/strong>: Diese Spielautomaten bieten riesige Jackpot-Preise, die mit jedem Einsatz der Spieler wachsen. Mit einem einzigen Dreh k\u00f6nnen Sie sofort zum Million\u00e4r werden!<\/li>\n\n\n\n<li><strong>Markenslots<\/strong>: Diese Spielautomaten basieren auf beliebten Filmen, Fernsehsendungen und anderen Medienprodukten und bieten ein einzigartiges Spielerlebnis mit bekannten Figuren und Themen.<\/li>\n<\/ul>\n\n\n\n<p>Egal, f\u00fcr welche Kategorie Sie sich entscheiden, bei Casinoplanet erwartet Sie ein unvergessliches Abenteuer.<\/p>\n\n\n\n<h2 class=\"wp-block-heading\" id=\"play-slots-online-for-free-at-casinoplanet-casino\"><strong>Spielen Sie online kostenlos Spielautomaten im Casinoplanet Casino<\/strong><\/h2>\n\n\n\n<p>Sie sind noch nicht bereit, echtes Geld zu setzen? Das ist kein Problem! Bei Casinoplanet k\u00f6nnen Sie unsere Online-Spielautomaten kostenlos im Demo-Modus ausprobieren. Auf diese Weise k\u00f6nnen Sie verschiedene Spiele erkunden, mit Wettstrategien experimentieren und ein Gef\u00fchl f\u00fcr das Gameplay bekommen, ohne Ihr eigenes Geld zu riskieren. Sobald Sie sich wohl f\u00fchlen, k\u00f6nnen Sie in den Echtgeldmodus wechseln und um die Chance auf gro\u00dfe Gewinne spielen.<\/p>\n\n\n\n<h2 class=\"wp-block-heading\" id=\"play-online-slots-for-real-money-at-casinoplanet\"><strong>Spielen Sie Online-Slots um echtes Geld bei Casinoplanet<\/strong><\/h2>\n\n\n\n<p>Wenn Sie bereit sind, Ihre Erfahrung mit Online-Spielautomaten auf die n\u00e4chste Stufe zu heben, warum versuchen Sie dann nicht Ihr Gl\u00fcck beim Spielen mit echtem Geld? Bei Casinoplanet bieten wir Ihnen eine Vielzahl von sicheren und bequemen Zahlungsmethoden, mit denen Sie schnell und einfach Geld einzahlen k\u00f6nnen. Und mit unseren gro\u00dfz\u00fcgigen Boni und Promotionen haben Sie noch mehr Chancen auf gro\u00dfe Gewinne an Ihren Lieblings-Slots.<\/p>\n\n\n\n<h2 class=\"wp-block-heading\" id=\"conclusion\"><strong>Fazit<\/strong><\/h2>\n\n\n\n<p>Mit einer aufregenden Auswahl an Spielen, gro\u00dfz\u00fcgigen Boni und nahtlosem Spielablauf ist Casinoplanet das ultimative Ziel f\u00fcr Online-Slots-Fans. Egal, ob Sie ein Gelegenheitsspieler sind, der etwas Unterhaltung sucht, oder ein erfahrener Veteran, der den n\u00e4chsten gro\u00dfen Jackpot knacken will &#8211; hier finden Sie alles, was Sie f\u00fcr ein unvergessliches Spielerlebnis brauchen.<\/p>\n\n\n\n<h2 class=\"wp-block-heading\" id=\"fa-qs\"><strong>FAQs<\/strong><\/h2>\n\n\n<div class=\"wp-block-rank-math-faq-block\">\n<div class=\"rank-math-faq-item\">\n<h3 class=\"rank-math-question\">Sind Online-Slots bei Casinoplanet fair?<\/h3>\n<div class=\"rank-math-answer\">Ja, alle unsere Online-Slots verwenden Zufallszahlengeneratoren (RNGs), um bei jeder Drehung faire und unvoreingenommene Ergebnisse zu gew\u00e4hrleisten.<\/div>\n<\/div>\n<div class=\"rank-math-faq-item\">\n<h3 class=\"rank-math-question\">Kann ich Online-Slots auf meinem Mobilger\u00e4t spielen?<\/h3>\n<div class=\"rank-math-answer\">Absolut! Unsere Online-Slots sind vollst\u00e4ndig f\u00fcr das mobile Spielen optimiert, sodass Sie Ihre Lieblingsspiele jederzeit und \u00fcberall genie\u00dfen k\u00f6nnen.<\/div>\n<\/div>\n<div class=\"rank-math-faq-item\">\n<h3 class=\"rank-math-question\">Bieten Sie progressive Jackpot-Slots an?<\/h3>\n<div class=\"rank-math-answer\">Ja, wir haben eine Auswahl an progressiven Jackpot-Slots mit riesigen Preispools, die weiter wachsen, bis sie gewonnen werden.<\/div>\n<\/div>\n<div class=\"rank-math-faq-item\">\n<h3 class=\"rank-math-question\">Gibt es Strategien, um bei Online-Slots zu gewinnen?<\/h3>\n<div class=\"rank-math-answer\">Online-Slots sind Gl\u00fccksspiele, daher gibt es keine garantierte Gewinnstrategie. Eine kluge Verwaltung Ihres Guthabens und die Auswahl von Spielen mit hohen RTP-Prozents\u00e4tzen (Return to Player) k\u00f6nnen jedoch dazu beitragen, Ihre Erfolgschancen zu erh\u00f6hen.<\/div>\n<\/div>\n<\/div>","protected":false},"excerpt":{"rendered":"<style>  body {    font-family: 'Fira Sans', sans-serif;  }  .button-container3 {    display: flex;  }  .register-button3 {    padding: 10px 14px;    border: 2px solid transparent;    border-radius: 5px;    font-size: 16px;    cursor: pointer;    transition: border-color 0.3s, background-color 0.3s, color 0.3s;    margin-right: 10px;    width: 200px; \/* Adjust width as needed *\/    text-align: center;    font-weight: bold;    background-color: #2283E6; \/* Set a plain color background *\/    color: #FFF; \/* Default text color *\/    border: none;    text-decoration: none; \/* Removes default underline *\/}  .register-button3:hover {    border-color: #0000;    color: #000; \/* Change text color to black on hover *\/}  .hidden-text {    display: none; \/* CSS to hide the unwanted text *\/  }<\/style>\n<div class=\"button-container3\">  <a href=\"\/go\/\" class=\"register-button3\">     <span class=\"hidden-text\">[:en]:<\/span>     JETZT REGISTRIEREN  <\/a><\/div>\n","protected":false},"author":2,"featured_media":0,"parent":0,"menu_order":0,"comment_status":"closed","ping_status":"closed","template":"","meta":{"_themeisle_gutenberg_block_has_review":false,"footnotes":""},"blocksy_meta":[],"featured_image_urls":{"full":"","thumbnail":"","medium":"","medium_large":"","large":"","1536x1536":"","2048x2048":"","vegashero-thumb":"","mailpoet_newsletter_max":""},"post_excerpt_stackable":"<style>  body {    font-family: 'Fira Sans', sans-serif;  }  .button-container3 {    display: flex;  }  .register-button3 {    padding: 10px 14px;    border: 2px solid transparent;    border-radius: 5px;    font-size: 16px;    cursor: pointer;    transition: border-color 0.3s, background-color 0.3s, color 0.3s;    margin-right: 10px;    width: 200px; \/* Adjust width as needed *\/    text-align: center;    font-weight: bold;    background-color: #2283E6; \/* Set a plain color background *\/    color: #FFF; \/* Default text color *\/    border: none;    text-decoration: none; \/* Removes default underline *\/}  .register-button3:hover {    border-color: #0000;    color: #000; \/* Change text color to black on hover *\/}  .hidden-text {    display: none; \/* CSS to hide the unwanted text *\/  }<\/style>\n<div class=\"button-container3\">  <a href=\"\/go\/\" class=\"register-button3\">     <span class=\"hidden-text\">[:en]:<\/span>     JETZT REGISTRIEREN  <\/a><\/div>\n","category_list":"","author_info":{"name":"goldenzebra773","url":"https:\/\/casinoplanet.com\/de\/author\/goldenzebra773\/"},"comments_num":"0 comments","_links":{"self":[{"href":"https:\/\/casinoplanet.com\/de\/wp-json\/wp\/v2\/pages\/5253"}],"collection":[{"href":"https:\/\/casinoplanet.com\/de\/wp-json\/wp\/v2\/pages"}],"about":[{"href":"https:\/\/casinoplanet.com\/de\/wp-json\/wp\/v2\/types\/page"}],"author":[{"embeddable":true,"href":"https:\/\/casinoplanet.com\/de\/wp-json\/wp\/v2\/users\/2"}],"replies":[{"embeddable":true,"href":"https:\/\/casinoplanet.com\/de\/wp-json\/wp\/v2\/comments?post=5253"}],"version-history":[{"count":4,"href":"https:\/\/casinoplanet.com\/de\/wp-json\/wp\/v2\/pages\/5253\/revisions"}],"predecessor-version":[{"id":5361,"href":"https:\/\/casinoplanet.com\/de\/wp-json\/wp\/v2\/pages\/5253\/revisions\/5361"}],"wp:attachment":[{"href":"https:\/\/casinoplanet.com\/de\/wp-json\/wp\/v2\/media?parent=5253"}],"curies":[{"name":"wp","href":"https:\/\/api.w.org\/{rel}","templated":true}]}}