{"id":5244,"date":"2024-02-28T05:56:57","date_gmt":"2024-02-28T05:56:57","guid":{"rendered":"https:\/\/casinoplanet.com\/de\/?page_id=5244"},"modified":"2024-03-12T07:14:00","modified_gmt":"2024-03-12T07:14:00","slug":"live-casino","status":"publish","type":"page","link":"https:\/\/casinoplanet.com\/de\/live-casino\/","title":{"rendered":"Live Casino"},"content":{"rendered":"\n<div class=\"wp-block-stackable-columns alignfull stk-block-columns stk-block stk-5873d73\" data-block-id=\"5873d73\"><style>.stk-5873d73 .stk--block-align-5873d73{align-items:center !important}.stk-5873d73{margin-bottom:60px !important}.stk-5873d73-column{--stk-column-gap:30px !important}@media screen and (max-width:1023px){.stk-5873d73{padding-right:30px !important;padding-left:30px !important}}@media screen and (max-width:767px){.stk-5873d73{padding-right:20px !important;padding-left:20px !important}}<\/style><div class=\"stk-row stk-inner-blocks stk--block-align-5873d73 stk-block-content stk-content-align stk-5873d73-column alignfull\">\n<div class=\"wp-block-stackable-column stk-block-column stk-column stk--hide-tablet stk--hide-mobile stk-block stk-6531ea2\" data-v=\"4\" data-block-id=\"6531ea2\"><style>@media screen and (min-width:768px){.stk-6531ea2{flex:1 1 calc(31% - var(--stk-column-gap,0px) * 2 \/ 3 ) !important}}<\/style><div class=\"stk-column-wrapper stk-block-column__content stk-container stk-6531ea2-container stk--no-background stk--no-padding\"><div class=\"stk-block-content stk-inner-blocks stk-6531ea2-inner-blocks\"><\/div><\/div><\/div>\n\n\n\n<div class=\"wp-block-stackable-column stk-block-column stk-column stk-block stk-54d84f0 stk-block-background\" data-v=\"4\" data-block-id=\"54d84f0\"><style>.stk-54d84f0-inner-blocks{justify-content:center !important}.stk-54d84f0{background-color:var(--theme-palette-color-4,#001423) !important;border-top-left-radius:12px !important;border-top-right-radius:12px !important;border-bottom-right-radius:12px !important;border-bottom-left-radius:12px !important;overflow:hidden !important;border-style:solid !important;border-color:var(--theme-palette-color-2,#1E98F5) !important;border-top-width:2px !important;border-right-width:2px !important;border-bottom-width:2px !important;border-left-width:2px !important}.stk-54d84f0:before{background-color:var(--theme-palette-color-4,#001423) !important}.stk-54d84f0-container{padding-top:50px !important;padding-bottom:50px !important}@media screen and (min-width:768px){.stk-54d84f0{flex:1 1 calc(38% - var(--stk-column-gap,0px) * 2 \/ 3 ) !important}}<\/style><div class=\"stk-column-wrapper stk-block-column__content stk-container stk-54d84f0-container stk--no-background stk--no-padding\"><div class=\"stk--column-flex stk-block-content stk-inner-blocks stk-54d84f0-inner-blocks\">\n<div class=\"wp-block-stackable-image aligncenter stk-block-image stk-block stk-f77131a\" data-block-id=\"f77131a\"><style>.stk-f77131a .stk-img-wrapper{width:45% !important}<\/style><figure><span class=\"stk-img-wrapper stk-image--shape-stretch\"><img loading=\"lazy\" decoding=\"async\" class=\"stk-img wp-image-1580\" src=\"https:\/\/casinoplanet.com\/wp-content\/uploads\/sites\/2\/2024\/02\/cp.png\" width=\"343\" height=\"104\" srcset=\"https:\/\/casinoplanet.com\/de\/wp-content\/uploads\/sites\/2\/2024\/02\/cp.png 343w, https:\/\/casinoplanet.com\/de\/wp-content\/uploads\/sites\/2\/2024\/02\/cp-300x91.png 300w\" sizes=\"(max-width: 343px) 100vw, 343px\" \/><\/span><\/figure><\/div>\n\n\n\n<div class=\"wp-block-stackable-heading stk-block-heading stk-block-heading--v2 stk-block stk-b4bcc09\" id=\"span-style-color-ffffff-class-stk-highlight-casino-planet-casino-und-wetten-2024-span\" data-block-id=\"b4bcc09\"><h5 class=\"stk-block-heading__text has-text-align-center\"><span style=\"color: #ffffff;\" class=\"stk-highlight\">Casino Planet Casino und Wetten 2024<\/span><\/h5><\/div>\n\n\n\n<div class=\"wp-block-stackable-text stk-block-text stk-block stk-6693a86\" data-block-id=\"6693a86\"><style>.stk-6693a86 .stk-block-text__text{font-size:32px !important;color:#ffffff !important;font-weight:900 !important}@media screen and (max-width:1023px){.stk-6693a86 .stk-block-text__text{font-size:32px !important}}<\/style><p class=\"stk-block-text__text has-text-color has-text-align-center\">100 % bis zu 500 \u20ac\/$ + 200 FS + 1 Bonuskrabbe<\/p><\/div>\n\n\n\n<div class=\"wp-block-stackable-button-group stk-block-button-group stk-block stk-8b157ef\" data-block-id=\"8b157ef\"><div class=\"stk-row stk-inner-blocks has-text-align-center has-text-align-center-tablet stk-block-content stk-button-group\">\n<div class=\"wp-block-stackable-button stk-block-button customb stk-block stk-7f69dac\" data-block-id=\"7f69dac\"><style>.stk-7f69dac{border-top-left-radius:10px !important;border-top-right-radius:10px !important;border-bottom-right-radius:10px !important;border-bottom-left-radius:10px !important;overflow:hidden !important}.stk-7f69dac .stk-button{padding-top:15px !important;padding-right:30px !important;padding-bottom:15px !important;padding-left:30px !important;background:linear-gradient(90deg,rgb(0,133,228) 0%,rgb(0,211,153) 68%,rgb(0,211,153) 100%) !important}.stk-7f69dac .stk-button__inner-text{font-size:20px !important;font-weight:700 !important;text-transform:uppercase !important}@media screen and (max-width:1023px){.stk-7f69dac .stk-button__inner-text{font-size:20px !important}}<\/style><a class=\"stk-link stk-button stk--hover-effect-darken\" href=\"\/go\"><span class=\"stk-button__inner-text\">Melden Sie sich an<\/span><\/a><\/div>\n<\/div><\/div>\n<\/div><\/div><\/div>\n\n\n\n<div class=\"wp-block-stackable-column stk-block-column stk-column stk--hide-tablet stk--hide-mobile stk-block stk-7ec7140\" data-v=\"4\" data-block-id=\"7ec7140\"><style>@media screen and (min-width:768px){.stk-7ec7140{flex:1 1 calc(31% - var(--stk-column-gap,0px) * 2 \/ 3 ) !important}}<\/style><div class=\"stk-column-wrapper stk-block-column__content stk-container stk-7ec7140-container stk--no-background stk--no-padding\"><div class=\"stk-block-content stk-inner-blocks stk-7ec7140-inner-blocks\"><\/div><\/div><\/div>\n<\/div><\/div>\n\n\n\n<div class=\"wp-block-stackable-columns stk-block-columns stk-block stk-6331f78\" data-block-id=\"6331f78\"><div class=\"stk-row stk-inner-blocks stk-block-content stk-content-align stk-6331f78-column\">\n<div class=\"wp-block-stackable-column stk-block-column stk-column stk-block stk-76143fc\" data-v=\"4\" data-block-id=\"76143fc\"><div class=\"stk-column-wrapper stk-block-column__content stk-container stk-76143fc-container stk--no-background stk--no-padding\"><div class=\"stk-block-content stk-inner-blocks stk-76143fc-inner-blocks\">\n<nav class=\"wp-block-stackable-table-of-contents stk-block-table-of-contents stk-block stk-d2acef9 stk-block-background\" data-block-id=\"d2acef9\"><style>.stk-d2acef9 li,.stk-d2acef9 ul li a,.stk-d2acef9 ol li a{color:var(--theme-palette-color-8,#ffffff) !important}.stk-d2acef9:hover li,.stk-d2acef9:hover ul li a,.stk-d2acef9:hover ol li a{color:var(--theme-palette-color-2,#1E98F5) !important}.stk-d2acef9 .stk-table-of-contents__title{font-size:35px !important;color:var(--theme-palette-color-8,#ffffff) !important;font-weight:bold !important;font-family:\"Abhaya Libre\",Sans-serif !important}.stk-d2acef9{background-color:var(--theme-palette-color-4,#001423) !important;border-top-left-radius:15px !important;border-top-right-radius:15px !important;border-bottom-right-radius:15px !important;border-bottom-left-radius:15px !important;overflow:hidden !important;border-style:solid !important;border-color:var(--theme-palette-color-2,#1E98F5) !important;border-top-width:3px !important;border-right-width:3px !important;border-bottom-width:3px !important;border-left-width:3px !important;padding-top:55px !important;padding-right:55px !important;padding-bottom:55px !important;padding-left:55px !important}.stk-d2acef9:before{background-color:var(--theme-palette-color-4,#001423) !important}.stk-d2acef9 ol{list-style-type:upper-roman !important}@media screen and (max-width:1023px){.stk-d2acef9 .stk-table-of-contents__title{font-size:35px !important}.stk-d2acef9{padding-top:40px !important;padding-right:40px !important;padding-bottom:40px !important;padding-left:40px !important}}@media screen and (max-width:767px){.stk-d2acef9{padding-top:35px !important;padding-right:35px !important;padding-bottom:35px !important;padding-left:35px !important}}<\/style><p class=\"stk-table-of-contents__title has-text-color\">Table of Contents<\/p><ol class=\"stk-table-of-contents__table has-text-color\"><li><a href=\"#what-sets-us-apart\">Was uns auszeichnet<\/a><ol><li><a href=\"#professional-dealers\">Professionelle Geber<\/a><\/li><li><a href=\"#variety-of-games\">Vielfalt der Spiele<\/a><\/li><li><a href=\"#immersive-experience\">Immersives Erlebnis<\/a><\/li><li><a href=\"#live-chat-feature\">Live-Chat-Funktion<\/a><\/li><li><a href=\"#24-7-availability\">24\/7-Verf\u00fcgbarkeit<\/a><\/li><\/ol><\/li><li><a href=\"#how-it-works\">Wie es funktioniert<\/a><\/li><li><a href=\"#advantages-of-live-gaming\">Vorteile von Live-Spielen<\/a><ol><li><a href=\"#authenticity\">Authentizit\u00e4t<\/a><\/li><li><a href=\"#social-interaction\">Soziale Interaktion<\/a><\/li><li><a href=\"#transparency\">Transparenz<\/a><\/li><li><a href=\"#variety-of-betting-options\">Vielf\u00e4ltige Wettoptionen<\/a><\/li><li><a href=\"#convenience\">Bequemlichkeit<\/a><\/li><\/ol><\/li><li><a href=\"#favorite-live-casino-games\">Beliebte Live-Casino-Spiele<\/a><ol><li><a href=\"#live-blackjack\">Live-Blackjack<\/a><\/li><li><a href=\"#live-roulette\">Live-Roulette<\/a><\/li><li><a href=\"#live-baccarat\">Live Bakkarat<\/a><\/li><li><a href=\"#live-poker\">Live-Poker<\/a><\/li><li><a href=\"#live-game-shows\">Live-Spiel-Shows<\/a><\/li><\/ol><\/li><li><a href=\"#join-now\">Jetzt anmelden <\/a><\/li><li><a href=\"#fa-qs\">FAQs<\/a><\/li><\/ol><\/nav>\n<\/div><\/div><\/div>\n<\/div><\/div>\n\n\n\n<p>Willkommen bei CasinoPlanet.com, wo der Nervenkitzel des Casinos auf die Bequemlichkeit des Online-Spiels trifft! Wenn Sie ein Fan von Live-Casino-Action sind, dann sind Sie bei uns genau richtig. Unser Live-Casino bietet ein fesselndes Spielerlebnis, das die Spannung eines echten Casinos direkt auf Ihren Bildschirm bringt. Lassen Sie mich Ihnen zeigen, was Sie erwarten k\u00f6nnen, wenn Sie in die Welt des Casino Planet Live Casino eintreten.<\/p>\n\n\n\n<h2 class=\"wp-block-heading\" id=\"what-sets-us-apart\"><strong>Was uns auszeichnet<\/strong><\/h2>\n\n\n\n<p>Wir bei CasinoPlanet.com sind stolz darauf, ein Live-Casino-Erlebnis wie kein anderes zu bieten. Hier ist, was uns auszeichnet:<\/p>\n\n\n\n<h3 class=\"wp-block-heading\" id=\"professional-dealers\"><strong>Professionelle Geber<\/strong><\/h3>\n\n\n\n<p>Unser Live Casino verf\u00fcgt \u00fcber professionelle Dealer, die nicht nur hochqualifiziert, sondern auch freundlich und einnehmend sind. Sie sorgen daf\u00fcr, dass Sie sich wie zu Hause f\u00fchlen, w\u00e4hrend Sie Ihre Lieblingsspiele spielen.<\/p>\n\n\n\n<h3 class=\"wp-block-heading\" id=\"variety-of-games\"><strong>Vielfalt der Spiele<\/strong><\/h3>\n\n\n\n<p>Egal, ob Sie ein Fan von klassischen <a href=\"\/allgames\/\">Tischspielen<\/a> wie Blackjack, Roulette und Baccarat sind oder etwas Einzigartiges wie Dream Catcher oder Lightning Roulette bevorzugen, wir haben f\u00fcr Sie das Richtige. Unser Live Casino bietet eine gro\u00dfe Auswahl an Spielen f\u00fcr jeden Geschmack.<\/p>\n\n\n\n<h3 class=\"wp-block-heading\" id=\"immersive-experience\"><strong>Immersives Erlebnis<\/strong><\/h3>\n\n\n\n<p>Dank modernster Technologie bietet unser Live-Casino ein fesselndes Spielerlebnis, das Ihnen das Gef\u00fchl gibt, an einem echten Casinotisch zu sitzen. HD-Videostreaming und mehrere Kameraperspektiven sorgen daf\u00fcr, dass Sie keinen einzigen Moment der Action verpassen.<\/p>\n\n\n\n<h3 class=\"wp-block-heading\" id=\"live-chat-feature\"><strong>Live-Chat-Funktion<\/strong><\/h3>\n\n\n\n<p>M\u00f6chten Sie sich mit dem Dealer oder anderen Spielern an Ihrem Tisch unterhalten? Mit unserer Live-Chat-Funktion k\u00f6nnen Sie sich in Echtzeit austauschen und so den sozialen Aspekt des Spielerlebnisses noch verst\u00e4rken.<\/p>\n\n\n\n<h3 class=\"wp-block-heading\" id=\"24-7-availability\"><strong>24\/7-Verf\u00fcgbarkeit<\/strong><\/h3>\n\n\n\n<p>Egal, ob es Tag oder Nacht ist, bei CasinoPlanet.com finden Sie immer ein Live-Spiel, an dem Sie teilnehmen k\u00f6nnen. Unser Live-Casino ist 24 Stunden am Tag, 7 Tage die Woche ge\u00f6ffnet, so dass Sie den Nervenkitzel des Casinos genie\u00dfen k\u00f6nnen, wann immer Ihnen danach ist.<\/p>\n\n\n\n<h2 class=\"wp-block-heading\" id=\"how-it-works\"><strong>Wie es funktioniert<\/strong><\/h2>\n\n\n\n<p>Der Einstieg ins Casino Planet Live Casino ist ganz einfach:<\/p>\n\n\n\n<ol>\n<li><strong>Registrieren Sie sich<\/strong>: Wenn Sie noch kein Mitglied bei CasinoPlanet.com sind, melden Sie sich einfach f\u00fcr ein Konto an. Es dauert nur ein paar Minuten, und sobald Sie registriert sind, haben Sie Zugang zu unserer gesamten Palette an Live-Casino-Spielen.<\/li>\n\n\n\n<li><strong>T\u00e4tigen Sie eine Einzahlung<\/strong>: Bevor Sie in unserem Live-Casino spielen k\u00f6nnen, m\u00fcssen Sie eine Einzahlung auf Ihr Konto vornehmen. Wir bieten Ihnen eine Reihe von sicheren Zahlungsoptionen, so dass Sie Ihr Konto schnell und einfach auff\u00fcllen k\u00f6nnen.<\/li>\n\n\n\n<li><strong>W\u00e4hlen Sie Ihr Spiel<\/strong>: Sobald Ihr Konto aufgeladen ist, k\u00f6nnen Sie unsere Auswahl an Live-Casino-Spielen durchst\u00f6bern und das Spiel ausw\u00e4hlen, das Ihnen am besten gef\u00e4llt. Egal, ob Sie ein erfahrener Profi oder ein Anf\u00e4nger sind, es gibt f\u00fcr jeden etwas, das Sie genie\u00dfen k\u00f6nnen.<\/li>\n\n\n\n<li>Nehmen Sie an<strong>einem Tisch teil<\/strong>: Sobald Sie sich f\u00fcr ein Spiel entschieden haben, nehmen Sie am virtuellen Tisch Platz und machen sich bereit zum Spielen. Unsere professionellen Dealer werden Sie durch das Spiel f\u00fchren und daf\u00fcr sorgen, dass Sie ein unterhaltsames und angenehmes Erlebnis haben.<\/li>\n\n\n\n<li><strong>Spielen und gewinnen<\/strong>: Sobald das Spiel beginnt, ist es an der Zeit, Ihr K\u00f6nnen unter Beweis zu stellen und zu sehen, ob Sie das Zeug dazu haben, als Sieger hervorzugehen. Mit ein bisschen Gl\u00fcck k\u00f6nnen Sie als gro\u00dfer Gewinner aus dem Spiel gehen!<\/li>\n<\/ol>\n\n\n\n<h2 class=\"wp-block-heading\" id=\"advantages-of-live-gaming\"><strong>Vorteile von Live-Spielen<\/strong><\/h2>\n\n\n\n<p>Live-Gl\u00fccksspiele bei CasinoPlanet.com bieten mehrere Vorteile gegen\u00fcber herk\u00f6mmlichen Online-Casinospielen. Hier sind nur ein paar Gr\u00fcnde, warum Spieler das Live-Casino-Erlebnis lieben:<\/p>\n\n\n\n<h3 class=\"wp-block-heading\" id=\"authenticity\"><strong>Authentizit\u00e4t<\/strong><\/h3>\n\n\n\n<p>Live-Casino-Spiele bieten ein authentischeres Spielerlebnis als ihre digitalen Gegenst\u00fccke. Mit echten Dealern, echten Karten und Echtzeit-Action haben Sie das Gef\u00fchl, in einem landbasierten Casino zu sitzen, und das bequem von zu Hause aus.<\/p>\n\n\n\n<h3 class=\"wp-block-heading\" id=\"social-interaction\"><strong>Soziale Interaktion<\/strong><\/h3>\n\n\n\n<p>Einer der H\u00f6hepunkte des Live-Casino-Spiels ist die soziale Interaktion, die es bietet. Mit der Live-Chat-Funktion k\u00f6nnen Sie sich mit dem Dealer und anderen Spielern an Ihrem Tisch unterhalten, was das Spielerlebnis noch spannender und kameradschaftlicher macht.<\/p>\n\n\n\n<h3 class=\"wp-block-heading\" id=\"transparency\"><strong>Transparenz<\/strong><\/h3>\n\n\n\n<p>Im Gegensatz zu computergenerierten Spielen, bei denen das Ergebnis durch einen Zufallsgenerator bestimmt wird, werden Live-Casino-Spiele mit echtem Equipment in Echtzeit gespielt. Diese Transparenz verleiht den Spielen eine zus\u00e4tzliche Ebene des Vertrauens und der Fairness.<\/p>\n\n\n\n<h3 class=\"wp-block-heading\" id=\"variety-of-betting-options\"><strong>Vielf\u00e4ltige Wettoptionen<\/strong><\/h3>\n\n\n\n<p>Live-Casino-Spiele bieten in der Regel eine breite Palette von Wettoptionen f\u00fcr Spieler aller Budgets. Ob Sie nun ein High Roller oder ein Gelegenheitsspieler sind, Sie werden Spiele mit Einsatzlimits finden, die Ihren Vorlieben entsprechen.<\/p>\n\n\n\n<h3 class=\"wp-block-heading\" id=\"convenience\"><strong>Bequemlichkeit<\/strong><\/h3>\n\n\n\n<p>Mit Live-Casino-Spielen k\u00f6nnen Sie den Nervenkitzel des Casinos genie\u00dfen, ohne jemals Ihr Haus verlassen zu m\u00fcssen. Melden Sie sich einfach bei Ihrem CasinoPlanet.com-Konto an, w\u00e4hlen Sie Ihr Lieblingsspiel und beginnen Sie zu spielen &#8211; so einfach ist das!<\/p>\n\n\n\n<h2 class=\"wp-block-heading\" id=\"favorite-live-casino-games\"><strong>Beliebte Live-Casino-Spiele<\/strong><\/h2>\n\n\n\n<p>Bei CasinoPlanet.com bieten wir eine vielf\u00e4ltige Auswahl an Live-Casino-Spielen f\u00fcr jeden Geschmack. Hier sind einige der Lieblingsspiele unserer Spieler:<\/p>\n\n\n\n<h3 class=\"wp-block-heading\" id=\"live-blackjack\"><strong>Live-Blackjack<\/strong><\/h3>\n\n\n\n<p>Blackjack ist ein zeitloser Klassiker, der bei Casinog\u00e4ngern auf der ganzen Welt beliebt ist. In unseren Live-Blackjack-Spielen treten Sie gegen den Dealer an und versuchen, so nah wie m\u00f6glich an 21 Punkte heranzukommen, ohne sich zu verausgaben.<\/p>\n\n\n\n<h3 class=\"wp-block-heading\" id=\"live-roulette\"><strong>Live-Roulette<\/strong><\/h3>\n\n\n\n<p>Mit seinem drehenden Rad und der springenden Kugel ist Live-Roulette ein Gl\u00fccksspiel, das die Spieler immer wieder in seinen Bann zieht. Setzen Sie auf Ihre Gl\u00fcckszahlen und sehen Sie zu, wie das Rad Ihr Schicksal bestimmt.<\/p>\n\n\n\n<h3 class=\"wp-block-heading\" id=\"live-baccarat\"><strong>Live Bakkarat<\/strong><\/h3>\n\n\n\n<p>Baccarat mag ein einfaches Spiel sein, aber es ist auch ein Spiel mit Eleganz und Raffinesse. In unseren Live-Baccarat-Spielen wetten Sie darauf, ob der Spieler oder die Bank die Gewinnhand haben wird, mit dem Ziel, so nah wie m\u00f6glich an die Neun heranzukommen.<\/p>\n\n\n\n<h3 class=\"wp-block-heading\" id=\"live-poker\"><strong>Live-Poker<\/strong><\/h3>\n\n\n\n<p>Ob Sie nun ein Texas Hold&#8217;em-Profi oder ein Neuling sind, unsere Live-Pokertische bieten Spannung und Nervenkitzel f\u00fcr Spieler aller Spielst\u00e4rken. Testen Sie Ihr Pokerface gegen Gegner aus der ganzen Welt und sehen Sie, ob Sie das Zeug dazu haben, als Sieger hervorzugehen.<\/p>\n\n\n\n<h3 class=\"wp-block-heading\" id=\"live-game-shows\"><strong>Live-Spiel-Shows<\/strong><\/h3>\n\n\n\n<p>Wenn Sie auf der Suche nach etwas Abwechslung sind, warum probieren Sie nicht eine unserer Live Game Shows aus? Von Klassikern wie Dream Catcher und Monopoly Live bis hin zu innovativen neuen Spielen wie Crazy Time und Mega Ball &#8211; in unserem Live Game Show-Studio ist immer etwas Aufregendes los.<\/p>\n\n\n\n<h2 class=\"wp-block-heading\" id=\"join-now\">Jetzt anmelden <\/h2>\n\n\n\n<p>Worauf warten Sie also noch? Kommen Sie zu CasinoPlanet.com und erleben Sie die Aufregung des Live-Casino-Spiels selbst! Mit professionellen Dealern, einer gro\u00dfen Auswahl an Spielen und der M\u00f6glichkeit, rund um die Uhr zu spielen, h\u00f6rt die Action im Casino Planet nie auf. Melden Sie sich noch heute an und lassen Sie den Spa\u00df beginnen!<\/p>\n\n\n\n<h2 class=\"wp-block-heading\" id=\"fa-qs\"><strong>FAQs<\/strong><\/h2>\n\n\n<div id=\"rank-math-faq\" class=\"rank-math-block\">\n<div class=\"rank-math-list \">\n<div id=\"faq-question-1709099758014\" class=\"rank-math-list-item\">\n<h3 class=\"rank-math-question \">Ist Live-Casino-Gaming fair?<\/h3>\n<div class=\"rank-math-answer \">\n\n<p>Ja, Live-Casino-Spiele bei CasinoPlanet.com sind v\u00f6llig fair und transparent. Unsere Spiele werden von echten Dealern mit echten Ger\u00e4ten betrieben und die Ergebnisse werden durch die Gesetze des Zufalls bestimmt, genau wie in einem landbasierten Casino.<\/p>\n\n<\/div>\n<\/div>\n<div id=\"faq-question-1709099770462\" class=\"rank-math-list-item\">\n<h3 class=\"rank-math-question \">Kann ich Live-Casino-Spiele auf meinem Mobilger\u00e4t spielen?<\/h3>\n<div class=\"rank-math-answer \">\n\n<p>Absolut! Unsere Live-Casino-Spiele sind vollst\u00e4ndig f\u00fcr das mobile Spielen optimiert, sodass Sie den Nervenkitzel des Casinos \u00fcberall auf Ihrem Smartphone oder Tablet genie\u00dfen k\u00f6nnen. Melden Sie sich einfach \u00fcber Ihren mobilen Browser bei Ihrem CasinoPlanet.com-Konto an und beginnen Sie zu spielen.<\/p>\n\n<\/div>\n<\/div>\n<div id=\"faq-question-1709099780486\" class=\"rank-math-list-item\">\n<h3 class=\"rank-math-question \">Muss ich Software herunterladen, um Live-Casino-Spiele zu spielen?<\/h3>\n<div class=\"rank-math-answer \">\n\n<p>Nein, Sie m\u00fcssen keine Software herunterladen, um unsere Live-Casino-Spiele zu genie\u00dfen. Melden Sie sich einfach \u00fcber Ihren Webbrowser bei Ihrem CasinoPlanet.com-Konto an, w\u00e4hlen Sie Ihr Lieblingsspiel und beginnen Sie sofort mit dem Spielen.<\/p>\n\n<\/div>\n<\/div>\n<div id=\"faq-question-1709099788671\" class=\"rank-math-list-item\">\n<h3 class=\"rank-math-question \">Gibt es besondere Anforderungen, um Live-Casino-Spiele zu spielen?<\/h3>\n<div class=\"rank-math-answer \">\n\n<p>Um Live-Casino-Spiele bei CasinoPlanet.com zu spielen, ben\u00f6tigen Sie eine stabile Internetverbindung und ein kompatibles Ger\u00e4t, egal ob Desktop, Laptop, Smartphone oder Tablet. Dar\u00fcber hinaus m\u00fcssen Sie in Ihrem Land das gesetzliche Mindestalter f\u00fcr Gl\u00fccksspiele erreicht haben.<\/p>\n\n<\/div>\n<\/div>\n<\/div>\n<\/div>","protected":false},"excerpt":{"rendered":"<style>  body {    font-family: 'Fira Sans', sans-serif;  }  .button-container3 {    display: flex;  }  .register-button3 {    padding: 10px 14px;    border: 2px solid transparent;    border-radius: 5px;    font-size: 16px;    cursor: pointer;    transition: border-color 0.3s, background-color 0.3s, color 0.3s;    margin-right: 10px;    width: 200px; \/* Adjust width as needed *\/    text-align: center;    font-weight: bold;    background-color: #2283E6; \/* Set a plain color background *\/    color: #FFF; \/* Default text color *\/    border: none;    text-decoration: none; \/* Removes default underline *\/}  .register-button3:hover {    border-color: #0000;    color: #000; \/* Change text color to black on hover *\/}  .hidden-text {    display: none; \/* CSS to hide the unwanted text *\/  }<\/style>\n<div class=\"button-container3\">  <a href=\"\/go\/\" class=\"register-button3\">     <span class=\"hidden-text\">[:en]:<\/span>     JETZT REGISTRIEREN  <\/a><\/div>\n","protected":false},"author":2,"featured_media":0,"parent":0,"menu_order":0,"comment_status":"closed","ping_status":"closed","template":"","meta":{"_themeisle_gutenberg_block_has_review":false,"footnotes":""},"blocksy_meta":[],"featured_image_urls":{"full":"","thumbnail":"","medium":"","medium_large":"","large":"","1536x1536":"","2048x2048":"","vegashero-thumb":"","mailpoet_newsletter_max":""},"post_excerpt_stackable":"<style>  body {    font-family: 'Fira Sans', sans-serif;  }  .button-container3 {    display: flex;  }  .register-button3 {    padding: 10px 14px;    border: 2px solid transparent;    border-radius: 5px;    font-size: 16px;    cursor: pointer;    transition: border-color 0.3s, background-color 0.3s, color 0.3s;    margin-right: 10px;    width: 200px; \/* Adjust width as needed *\/    text-align: center;    font-weight: bold;    background-color: #2283E6; \/* Set a plain color background *\/    color: #FFF; \/* Default text color *\/    border: none;    text-decoration: none; \/* Removes default underline *\/}  .register-button3:hover {    border-color: #0000;    color: #000; \/* Change text color to black on hover *\/}  .hidden-text {    display: none; \/* CSS to hide the unwanted text *\/  }<\/style>\n<div class=\"button-container3\">  <a href=\"\/go\/\" class=\"register-button3\">     <span class=\"hidden-text\">[:en]:<\/span>     JETZT REGISTRIEREN  <\/a><\/div>\n","category_list":"","author_info":{"name":"goldenzebra773","url":"https:\/\/casinoplanet.com\/de\/author\/goldenzebra773\/"},"comments_num":"0 comments","_links":{"self":[{"href":"https:\/\/casinoplanet.com\/de\/wp-json\/wp\/v2\/pages\/5244"}],"collection":[{"href":"https:\/\/casinoplanet.com\/de\/wp-json\/wp\/v2\/pages"}],"about":[{"href":"https:\/\/casinoplanet.com\/de\/wp-json\/wp\/v2\/types\/page"}],"author":[{"embeddable":true,"href":"https:\/\/casinoplanet.com\/de\/wp-json\/wp\/v2\/users\/2"}],"replies":[{"embeddable":true,"href":"https:\/\/casinoplanet.com\/de\/wp-json\/wp\/v2\/comments?post=5244"}],"version-history":[{"count":5,"href":"https:\/\/casinoplanet.com\/de\/wp-json\/wp\/v2\/pages\/5244\/revisions"}],"predecessor-version":[{"id":5324,"href":"https:\/\/casinoplanet.com\/de\/wp-json\/wp\/v2\/pages\/5244\/revisions\/5324"}],"wp:attachment":[{"href":"https:\/\/casinoplanet.com\/de\/wp-json\/wp\/v2\/media?parent=5244"}],"curies":[{"name":"wp","href":"https:\/\/api.w.org\/{rel}","templated":true}]}}